{"id":2,"date":"2022-08-24T15:11:59","date_gmt":"2022-08-24T15:11:59","guid":{"rendered":"https:\/\/cooperativeteaching.it\/?page_id=2"},"modified":"2025-08-29T09:50:58","modified_gmt":"2025-08-29T09:50:58","slug":"sample-page","status":"publish","type":"page","link":"https:\/\/cooperativeteaching.it\/index.php\/sample-page\/","title":{"rendered":"Ragazzi invisibili"},"content":{"rendered":"<div class=\"wp-block-image\">\n<figure class=\"aligncenter size-full is-resized\"><img loading=\"lazy\" decoding=\"async\" width=\"1410\" height=\"2000\" src=\"https:\/\/cooperativeteaching.it\/wp-content\/uploads\/2025\/08\/NICOLE-RIVA-A5.jpg\" alt=\"\" class=\"wp-image-902\" style=\"width:316px;height:auto\" srcset=\"https:\/\/cooperativeteaching.it\/wp-content\/uploads\/2025\/08\/NICOLE-RIVA-A5.jpg 1410w, https:\/\/cooperativeteaching.it\/wp-content\/uploads\/2025\/08\/NICOLE-RIVA-A5-212x300.jpg 212w, https:\/\/cooperativeteaching.it\/wp-content\/uploads\/2025\/08\/NICOLE-RIVA-A5-722x1024.jpg 722w, https:\/\/cooperativeteaching.it\/wp-content\/uploads\/2025\/08\/NICOLE-RIVA-A5-768x1089.jpg 768w, https:\/\/cooperativeteaching.it\/wp-content\/uploads\/2025\/08\/NICOLE-RIVA-A5-1083x1536.jpg 1083w\" sizes=\"auto, (max-width: 1410px) 100vw, 1410px\" \/><\/figure>\n<\/div>\n\n\n<p>Correva l&#8217;anno 2021, quando l&#8217;Ufficio Scolastico Regionale mi ha assegnato una supplenza annuale presso la sezione carceraria di una Scuola secondaria di secondo grado. In carcere ci sono alcune regole ferree per i dipendenti, la prima delle quali \u00e8 che nessun tipo di tecnologia pu\u00f2 entrare nella struttura. Per la prima volta dopo tantissimi anni, mi sono ritrovata a trascorrere molte ore senza cellulare e computer. Nessun problema per la didattica in classe, anche se purtroppo ho dovuto rinunciare a tutte le TIC, ma le ore buche? I pomeriggi di sportello facoltativo in cui spesso non veniva nessuno? Per passare il tempo ho iniziato a scrivere.<\/p>\n\n\n\n<p>La prima scintilla di questo romanzo \u00e8 partita da una domanda: se io volessi aprire una scuola con corsi professionalizzanti, che insegni un mestiere, in una zona periferica, ma non volessi far pagare una retta agli studenti, come potrei fare?<\/p>\n\n\n\n<p>All&#8217;inizio avevo pensato di rispondermi iscrivendomi a una sorta di corso in business school, o qualcosa di simile, ma poi ho pensato che magari scrivendo la storia che stavo fantasticando avrei trovato una soluzione grazie ai miei personaggi. Alla fine ho capito che quel sogno nel cassetto dovr\u00e0 aspettare ancora moltissimi anni, ma nel frattempo ho realizzato un altro sogno: quello di pubblicare un libro.<\/p>\n\n\n\n<p class=\"has-neve-link-color-background-color has-background\"><em>Penelope \u00e8 una docente precaria che ha come sogno nel cassetto quello di aprire una scuola privata professionale senza precedenti, attenta ai bisogni degli studenti e con una retta accessibile anche a chi proviene da famiglie con scarsa disponibilit\u00e0 economica.&nbsp;<br>Il suo sogno diventa realt\u00e0 quando vince un bando dell\u2019Unione Europea e ottiene i finanziamenti per il suo progetto: l\u2019Istituto per i Servizi Alberghieri \u201cLe Citt\u00e0 Invisibili\u201d.&nbsp;<br>Penelope si occupa personalmente delle ammissioni. Tra gli studenti selezionati spiccano alcuni ragazzi che fino a quel momento erano sempre stati tra gli ultimi, i derisi, gli emarginati, i diversi, gli \u201cinvisibili\u201d, appunto. Quelli per cui qualcuno aveva gi\u00e0 immaginato un destino segnato, dandoli per spacciati, rassegnandoli ad una vita senza premi e senza soddisfazioni, di povert\u00e0 e umiliazioni, come spesso era stata quella dei loro genitori.<br>Il primo anno all\u2019Istituto per i Servizi Alberghieri \u201cLe Citt\u00e0 Invisibili\u201d, procede bene e i ragazzi sono soddisfatti dei loro risultati scolastici e personali. Tuttavia, qualcuno non aveva fatto bene i conti con la parte gestionale e amministrativa dell\u2019azienda, in questo caso una scuola privata. Finiti i fondi, finito il sogno. Penelope, la direttrice, \u00e8 costretta a chiudere i battenti.&nbsp;<br>Ma gli studenti non ci stanno e pur di salvare la loro scuola (e il loro stesso destino) troveranno diversi escamotage, audaci e divertenti al tempo stesso, cos\u00ec come solo i giovani eroi sanno essere\u2026<\/em><\/p>\n\n\n<div class=\"wp-block-image\">\n<figure class=\"aligncenter size-large\"><img loading=\"lazy\" decoding=\"async\" width=\"752\" height=\"1024\" src=\"https:\/\/cooperativeteaching.it\/wp-content\/uploads\/2022\/12\/IMG-20221210-WA0061-752x1024.jpg\" alt=\"\" class=\"wp-image-752\" srcset=\"https:\/\/cooperativeteaching.it\/wp-content\/uploads\/2022\/12\/IMG-20221210-WA0061-752x1024.jpg 752w, https:\/\/cooperativeteaching.it\/wp-content\/uploads\/2022\/12\/IMG-20221210-WA0061-220x300.jpg 220w, https:\/\/cooperativeteaching.it\/wp-content\/uploads\/2022\/12\/IMG-20221210-WA0061-768x1046.jpg 768w, https:\/\/cooperativeteaching.it\/wp-content\/uploads\/2022\/12\/IMG-20221210-WA0061.jpg 946w\" sizes=\"auto, (max-width: 752px) 100vw, 752px\" \/><\/figure>\n<\/div>\n\n\n<p><\/p>\n\n\n\n<p>Tutti i personaggi di questo libro sono frutto di fantasia, ma dentro ognuno di loro c&#8217;\u00e8 un pizzico di tanti studenti che ho incontrato sul mio cammino e che ci tengo a ringraziare per la fiducia che hanno riposto in me. In ogni pagina ho provato a dare voce a chi di solito si tiene tutto dentro, per cercare soprattutto di trasmettere il messaggio che ogni studente merita di vivere la migliore esperienza scolastica possibile e di imparare secondo i suoi tempi. Qui dentro ho voluto descrivere il bello e il brutto della scuola, per rappresentare quelle giornate, che solo i professori conoscono, dove a volte va tutto alla grande, mentre a volte va tutto a rotoli; perch\u00e9 \u00e8 vero che la scuola non \u00e8  perfetta, ma facendo squadra con la dirigenza, i colleghi, gli studenti e le famiglie, possiamo migliorarla ogni giorno di pi\u00f9.<\/p>\n\n\n\n<p><em>Ai miei studenti di ieri, oggi e domani.<\/em><\/p>\n\n\n\n<h2 class=\"wp-block-heading\">Una parola dell&#8217;autrice<\/h2>\n\n\n\n<p>Cari lettori e lettrici,<\/p>\n\n\n\n<p>a seguito del fallimento della casa editrice con cui avevo pubblicato questo libro, ho deciso di metterlo a disposizione di tutti, <strong>gratuitamente<\/strong>.<\/p>\n\n\n\n<p>Questa scelta nasce dal cuore: la mia collega e amica Marta mi ha raccontato che alcune sue studentesse cinesi si sono appassionate alla storia e si sono ritrovate nel personaggio di <strong>Xi Wan<\/strong>. Sapere che qualcuno pu\u00f2 riconoscersi in un libro, sentirsi visto e rappresentato, mi ha davvero commossa.<\/p>\n\n\n\n<p>Non ho mai avuto un vero guadagno da questo libro \u2014 le royalties promesse dalla casa editrice non sono mai arrivate \u2014 ma ci\u00f2 che conta davvero per me \u00e8 che queste pagine continuino a parlare, emozionare e far sentire qualcuno meno solo.<\/p>\n\n\n\n<p>Vi invito quindi a prenderlo, leggerlo, condividerlo, usarlo in classe, consigliarlo ai vostri studenti\u2026 fatelo girare. Fatelo vivere.<\/p>\n\n\n\n<p>Questo libro \u00e8 per voi, che amate la scuola quanto me e se vorrete invitarmi nelle vostre classi, scrivetemi a @pseudo_intellettuale su Instagram. Vediamo se riesco a raggiungervi.<\/p>\n\n\n\n<div class=\"wp-block-buttons is-layout-flex wp-block-buttons-is-layout-flex\">\n<div class=\"wp-block-button\"><a class=\"wp-block-button__link wp-element-button\">Ottieni la tua copia gratuita<\/a><\/div>\n<\/div>\n\n\n\n<p><\/p>\n\n\n\n<div data-wp-interactive=\"core\/file\" class=\"wp-block-file\"><object data-wp-bind--hidden=\"!state.hasPdfPreview\" hidden class=\"wp-block-file__embed\" data=\"https:\/\/cooperativeteaching.it\/wp-content\/uploads\/2025\/08\/RAGAZZI-INVISIBILI_merged-2.pdf\" type=\"application\/pdf\" style=\"width:100%;height:410px\" aria-label=\"Incorporamento di RAGAZZI INVISIBILI.\"><\/object><a id=\"wp-block-file--media-406e1329-314a-47cb-a911-cbaf9289c7a1\" href=\"https:\/\/cooperativeteaching.it\/wp-content\/uploads\/2025\/08\/RAGAZZI-INVISIBILI_merged-2.pdf\">RAGAZZI INVISIBILI<\/a><a href=\"https:\/\/cooperativeteaching.it\/wp-content\/uploads\/2025\/08\/RAGAZZI-INVISIBILI_merged-2.pdf\" class=\"wp-block-file__button wp-element-button\" download aria-describedby=\"wp-block-file--media-406e1329-314a-47cb-a911-cbaf9289c7a1\">Download<\/a><\/div>\n\n\n\n<p><\/p>\n\n\n\n<p><\/p>\n\n\n\n<h2 class=\"wp-block-heading\"><\/h2>\n\n\n\n<h2 class=\"wp-block-heading\">Presentazioni del libro e firmacopie<\/h2>\n\n\n\n<p>10\/12\/2022 h. 16 &#8211; Limonaia di Villa Strozzi (Firenze)<\/p>\n\n\n\n<p>28\/01\/2023 h. 17.30 &#8211; Libreria Libero Caos (Impruneta &#8211; FI)<\/p>\n\n\n\n<p>Libreria Blume (Fucecchio &#8211; FI)<\/p>\n\n\n\n<p><\/p>\n\n\n\n<p><\/p>\n\n\n\n<p>\u00a9 [Nicole Riva], [2025] \u2013 Distribuito gratuitamente su<br>https:\/\/cooperativeteaching.it e @pseudo_intellettuale<\/p>\n","protected":false},"excerpt":{"rendered":"<p>Correva l&#8217;anno 2021, quando l&#8217;Ufficio Scolastico Regionale mi ha assegnato una supplenza annuale presso la sezione carceraria di una Scuola secondaria di secondo grado. In carcere ci sono alcune regole ferree per i dipendenti, la prima delle quali \u00e8 che nessun tipo di tecnologia pu\u00f2 entrare nella struttura. Per la prima volta dopo tantissimi anni,&hellip;&nbsp;<a href=\"https:\/\/cooperativeteaching.it\/index.php\/sample-page\/\" class=\"\" rel=\"bookmark\">Leggi tutto &raquo;<span class=\"screen-reader-text\">Ragazzi invisibili<\/span><\/a><\/p>\n","protected":false},"author":1,"featured_media":0,"parent":0,"menu_order":0,"comment_status":"closed","ping_status":"open","template":"","meta":{"neve_meta_sidebar":"","neve_meta_container":"","neve_meta_enable_content_width":"","neve_meta_content_width":0,"neve_meta_title_alignment":"","neve_meta_author_avatar":"","neve_post_elements_order":"","neve_meta_disable_header":"","neve_meta_disable_footer":"","neve_meta_disable_title":"","footnotes":""},"class_list":["post-2","page","type-page","status-publish","hentry"],"yoast_head":"<!-- This site is optimized with the Yoast SEO plugin v19.11 - https:\/\/yoast.com\/wordpress\/plugins\/seo\/ -->\n<title>Ragazzi invisibili - Cooperative Teaching<\/title>\n<meta name=\"robots\" content=\"index, follow, max-snippet:-1, max-image-preview:large, max-video-preview:-1\" \/>\n<link rel=\"canonical\" href=\"https:\/\/cooperativeteaching.it\/index.php\/sample-page\/\" \/>\n<meta property=\"og:locale\" content=\"it_IT\" \/>\n<meta property=\"og:type\" content=\"article\" \/>\n<meta property=\"og:title\" content=\"Ragazzi invisibili - Cooperative Teaching\" \/>\n<meta property=\"og:description\" content=\"Correva l&#8217;anno 2021, quando l&#8217;Ufficio Scolastico Regionale mi ha assegnato una supplenza annuale presso la sezione carceraria di una Scuola secondaria di secondo grado. In carcere ci sono alcune regole ferree per i dipendenti, la prima delle quali \u00e8 che nessun tipo di tecnologia pu\u00f2 entrare nella struttura. Per la prima volta dopo tantissimi anni,&hellip;&nbsp;Leggi tutto &raquo;Ragazzi invisibili\" \/>\n<meta property=\"og:url\" content=\"https:\/\/cooperativeteaching.it\/index.php\/sample-page\/\" \/>\n<meta property=\"og:site_name\" content=\"Cooperative Teaching\" \/>\n<meta property=\"article:modified_time\" content=\"2025-08-29T09:50:58+00:00\" \/>\n<meta property=\"og:image\" content=\"https:\/\/cooperativeteaching.it\/wp-content\/uploads\/2025\/08\/NICOLE-RIVA-A5.jpg\" \/>\n<meta name=\"twitter:card\" content=\"summary_large_image\" \/>\n<meta name=\"twitter:label1\" content=\"Tempo di lettura stimato\" \/>\n\t<meta name=\"twitter:data1\" content=\"5 minuti\" \/>\n<script type=\"application\/ld+json\" class=\"yoast-schema-graph\">{\"@context\":\"https:\/\/schema.org\",\"@graph\":[{\"@type\":\"WebPage\",\"@id\":\"https:\/\/cooperativeteaching.it\/index.php\/sample-page\/\",\"url\":\"https:\/\/cooperativeteaching.it\/index.php\/sample-page\/\",\"name\":\"Ragazzi invisibili - Cooperative Teaching\",\"isPartOf\":{\"@id\":\"https:\/\/cooperativeteaching.it\/#website\"},\"datePublished\":\"2022-08-24T15:11:59+00:00\",\"dateModified\":\"2025-08-29T09:50:58+00:00\",\"breadcrumb\":{\"@id\":\"https:\/\/cooperativeteaching.it\/index.php\/sample-page\/#breadcrumb\"},\"inLanguage\":\"it-IT\",\"potentialAction\":[{\"@type\":\"ReadAction\",\"target\":[\"https:\/\/cooperativeteaching.it\/index.php\/sample-page\/\"]}]},{\"@type\":\"BreadcrumbList\",\"@id\":\"https:\/\/cooperativeteaching.it\/index.php\/sample-page\/#breadcrumb\",\"itemListElement\":[{\"@type\":\"ListItem\",\"position\":1,\"name\":\"Home\",\"item\":\"https:\/\/cooperativeteaching.it\/\"},{\"@type\":\"ListItem\",\"position\":2,\"name\":\"Ragazzi invisibili\"}]},{\"@type\":\"WebSite\",\"@id\":\"https:\/\/cooperativeteaching.it\/#website\",\"url\":\"https:\/\/cooperativeteaching.it\/\",\"name\":\"Cooperative Teaching\",\"description\":\"Insegnare \u00e8 bello, condividere lo \u00e8 ancora di pi\u00f9\",\"publisher\":{\"@id\":\"https:\/\/cooperativeteaching.it\/#organization\"},\"potentialAction\":[{\"@type\":\"SearchAction\",\"target\":{\"@type\":\"EntryPoint\",\"urlTemplate\":\"https:\/\/cooperativeteaching.it\/?s={search_term_string}\"},\"query-input\":\"required name=search_term_string\"}],\"inLanguage\":\"it-IT\"},{\"@type\":\"Organization\",\"@id\":\"https:\/\/cooperativeteaching.it\/#organization\",\"name\":\"Cooperative Teaching\",\"url\":\"https:\/\/cooperativeteaching.it\/\",\"logo\":{\"@type\":\"ImageObject\",\"inLanguage\":\"it-IT\",\"@id\":\"https:\/\/cooperativeteaching.it\/#\/schema\/logo\/image\/\",\"url\":\"https:\/\/cooperativeteaching.it\/wp-content\/uploads\/2022\/08\/Honey.png\",\"contentUrl\":\"https:\/\/cooperativeteaching.it\/wp-content\/uploads\/2022\/08\/Honey.png\",\"width\":500,\"height\":500,\"caption\":\"Cooperative Teaching\"},\"image\":{\"@id\":\"https:\/\/cooperativeteaching.it\/#\/schema\/logo\/image\/\"},\"sameAs\":[\"https:\/\/www.instagram.com\/pseudo_intellettuale\/\"]}]}<\/script>\n<!-- \/ Yoast SEO plugin. -->","yoast_head_json":{"title":"Ragazzi invisibili - Cooperative Teaching","robots":{"index":"index","follow":"follow","max-snippet":"max-snippet:-1","max-image-preview":"max-image-preview:large","max-video-preview":"max-video-preview:-1"},"canonical":"https:\/\/cooperativeteaching.it\/index.php\/sample-page\/","og_locale":"it_IT","og_type":"article","og_title":"Ragazzi invisibili - Cooperative Teaching","og_description":"Correva l&#8217;anno 2021, quando l&#8217;Ufficio Scolastico Regionale mi ha assegnato una supplenza annuale presso la sezione carceraria di una Scuola secondaria di secondo grado. In carcere ci sono alcune regole ferree per i dipendenti, la prima delle quali \u00e8 che nessun tipo di tecnologia pu\u00f2 entrare nella struttura. Per la prima volta dopo tantissimi anni,&hellip;&nbsp;Leggi tutto &raquo;Ragazzi invisibili","og_url":"https:\/\/cooperativeteaching.it\/index.php\/sample-page\/","og_site_name":"Cooperative Teaching","article_modified_time":"2025-08-29T09:50:58+00:00","og_image":[{"url":"https:\/\/cooperativeteaching.it\/wp-content\/uploads\/2025\/08\/NICOLE-RIVA-A5.jpg"}],"twitter_card":"summary_large_image","twitter_misc":{"Tempo di lettura stimato":"5 minuti"},"schema":{"@context":"https:\/\/schema.org","@graph":[{"@type":"WebPage","@id":"https:\/\/cooperativeteaching.it\/index.php\/sample-page\/","url":"https:\/\/cooperativeteaching.it\/index.php\/sample-page\/","name":"Ragazzi invisibili - Cooperative Teaching","isPartOf":{"@id":"https:\/\/cooperativeteaching.it\/#website"},"datePublished":"2022-08-24T15:11:59+00:00","dateModified":"2025-08-29T09:50:58+00:00","breadcrumb":{"@id":"https:\/\/cooperativeteaching.it\/index.php\/sample-page\/#breadcrumb"},"inLanguage":"it-IT","potentialAction":[{"@type":"ReadAction","target":["https:\/\/cooperativeteaching.it\/index.php\/sample-page\/"]}]},{"@type":"BreadcrumbList","@id":"https:\/\/cooperativeteaching.it\/index.php\/sample-page\/#breadcrumb","itemListElement":[{"@type":"ListItem","position":1,"name":"Home","item":"https:\/\/cooperativeteaching.it\/"},{"@type":"ListItem","position":2,"name":"Ragazzi invisibili"}]},{"@type":"WebSite","@id":"https:\/\/cooperativeteaching.it\/#website","url":"https:\/\/cooperativeteaching.it\/","name":"Cooperative Teaching","description":"Insegnare \u00e8 bello, condividere lo \u00e8 ancora di pi\u00f9","publisher":{"@id":"https:\/\/cooperativeteaching.it\/#organization"},"potentialAction":[{"@type":"SearchAction","target":{"@type":"EntryPoint","urlTemplate":"https:\/\/cooperativeteaching.it\/?s={search_term_string}"},"query-input":"required name=search_term_string"}],"inLanguage":"it-IT"},{"@type":"Organization","@id":"https:\/\/cooperativeteaching.it\/#organization","name":"Cooperative Teaching","url":"https:\/\/cooperativeteaching.it\/","logo":{"@type":"ImageObject","inLanguage":"it-IT","@id":"https:\/\/cooperativeteaching.it\/#\/schema\/logo\/image\/","url":"https:\/\/cooperativeteaching.it\/wp-content\/uploads\/2022\/08\/Honey.png","contentUrl":"https:\/\/cooperativeteaching.it\/wp-content\/uploads\/2022\/08\/Honey.png","width":500,"height":500,"caption":"Cooperative Teaching"},"image":{"@id":"https:\/\/cooperativeteaching.it\/#\/schema\/logo\/image\/"},"sameAs":["https:\/\/www.instagram.com\/pseudo_intellettuale\/"]}]}},"_links":{"self":[{"href":"https:\/\/cooperativeteaching.it\/index.php\/wp-json\/wp\/v2\/pages\/2","targetHints":{"allow":["GET"]}}],"collection":[{"href":"https:\/\/cooperativeteaching.it\/index.php\/wp-json\/wp\/v2\/pages"}],"about":[{"href":"https:\/\/cooperativeteaching.it\/index.php\/wp-json\/wp\/v2\/types\/page"}],"author":[{"embeddable":true,"href":"https:\/\/cooperativeteaching.it\/index.php\/wp-json\/wp\/v2\/users\/1"}],"replies":[{"embeddable":true,"href":"https:\/\/cooperativeteaching.it\/index.php\/wp-json\/wp\/v2\/comments?post=2"}],"version-history":[{"count":16,"href":"https:\/\/cooperativeteaching.it\/index.php\/wp-json\/wp\/v2\/pages\/2\/revisions"}],"predecessor-version":[{"id":919,"href":"https:\/\/cooperativeteaching.it\/index.php\/wp-json\/wp\/v2\/pages\/2\/revisions\/919"}],"wp:attachment":[{"href":"https:\/\/cooperativeteaching.it\/index.php\/wp-json\/wp\/v2\/media?parent=2"}],"curies":[{"name":"wp","href":"https:\/\/api.w.org\/{rel}","templated":true}]}}