{"id":61,"date":"2020-01-23T18:21:52","date_gmt":"2020-01-23T18:21:52","guid":{"rendered":"https:\/\/demosites.io\/web-agency-gb\/?page_id=61"},"modified":"2024-06-01T20:47:59","modified_gmt":"2024-06-01T20:47:59","slug":"15c42-web-agency-gb-about-us","status":"publish","type":"page","link":"https:\/\/cooperativeteaching.it\/index.php\/15c42-web-agency-gb-about-us\/","title":{"rendered":"Il progetto"},"content":{"rendered":"\n<div class=\"wp-block-cover alignfull\" style=\"min-height:600px;aspect-ratio:unset;\"><span aria-hidden=\"true\" class=\"wp-block-cover__background has-nv-light-bg-background-color has-background-dim-100 has-background-dim\"><\/span><div class=\"wp-block-cover__inner-container is-layout-flow wp-block-cover-is-layout-flow\">\n<div class=\"wp-block-group\"><div class=\"wp-block-group__inner-container is-layout-flow wp-block-group-is-layout-flow\">\n<div style=\"height:80px\" aria-hidden=\"true\" class=\"wp-block-spacer\"><\/div>\n\n\n\n<div class=\"wp-block-columns are-vertically-aligned-center is-layout-flex wp-container-core-columns-is-layout-9d6595d7 wp-block-columns-is-layout-flex\">\n<div class=\"wp-block-column is-vertically-aligned-center is-layout-flow wp-block-column-is-layout-flow\" style=\"flex-basis:50%\">\n<figure class=\"wp-block-image size-full\"><img loading=\"lazy\" decoding=\"async\" width=\"912\" height=\"958\" src=\"https:\/\/cooperativeteaching.it\/wp-content\/uploads\/2022\/08\/bibliodiclasse.jpg\" alt=\"\" class=\"wp-image-371\" srcset=\"https:\/\/cooperativeteaching.it\/wp-content\/uploads\/2022\/08\/bibliodiclasse.jpg 912w, https:\/\/cooperativeteaching.it\/wp-content\/uploads\/2022\/08\/bibliodiclasse-286x300.jpg 286w, https:\/\/cooperativeteaching.it\/wp-content\/uploads\/2022\/08\/bibliodiclasse-768x807.jpg 768w\" sizes=\"auto, (max-width: 912px) 100vw, 912px\" \/><\/figure>\n<\/div>\n\n\n\n<div class=\"wp-block-column is-vertically-aligned-center is-layout-flow wp-block-column-is-layout-flow\" style=\"flex-basis:50%\">\n<h2 class=\"wp-block-heading has-neve-text-color-color has-text-color\">Chi sono?<\/h2>\n\n\n\n<p class=\"has-neve-text-color-color has-text-color\">Mi chiamo Nicole, ho 32 anni, tredici dei quali trascorsi a Firenze.<br><br>La cosa che amo di pi\u00f9 (dopo la mia gatta Circe) \u00e8 insegnare. Sono stata una prof. precaria di italiano, storia e geografia dal 2018 al 2023, anno in cui, dopo aver superato il concorso ordinario sono entrata di ruolo nella scuola secondaria di primo grado. Nella mia vita precedente ho insegnato italiano come lingua straniera in una scuola privata e in un centro di accoglienza. Dal 2020 sono su Instagram come pseudo_intellettuale e mi occupo di divulgazione a tema Scuola.<br><br>Nel 2017 mi sono laureata in Filologia Moderna in un percorso bilaterale italo-tedesco. Nel 2021 ho conseguito un corso di perfezionamento per l&#8217;insegnamento dell&#8217;italiano come L2 e la certificazione DILSPG di II livello presso l&#8217;UnistraPg. Mi piace imparare nuove lingue e conoscere nuove culture di tutto il mondo. Parlo inglese, tedesco, spagnolo e sto studiando per riuscire nell&#8217;impresa del cinese.<br><br>Forse sono Multipotenziale, mentre cercavo di scoprirlo mi sono iscritta a una seconda magistrale in Scienze Archivistiche e Biblioteconomiche, a un corso di musical, a un corso di danza classica e a tanti piccoli eventi formativi sull&#8217;educazione alla lettura e alla scrittura. Ho dieci libri nel cassetto e uno sono riuscita a finirlo e pubblicarlo nel dicembre del 2022. Faccio della gentilezza il mio cavallo di battaglia, sono una paladina dei deboli e salvo le lumache che attraversano i marciapiedi. Ultimo ma non meno importante, ho deciso di aprire questo sito web per favorire la collaborazione tra docenti di tutta Italia.<\/p>\n\n\n\n<p><\/p>\n\n\n\n<p class=\"has-neve-text-color-color has-text-color\"><br><\/p>\n<\/div>\n<\/div>\n\n\n\n<div style=\"height:40px\" aria-hidden=\"true\" class=\"wp-block-spacer\"><\/div>\n<\/div><\/div>\n<\/div><\/div>\n\n\n\n<div class=\"wp-block-cover alignfull\" style=\"min-height:600px;aspect-ratio:unset;\"><span aria-hidden=\"true\" class=\"wp-block-cover__background has-nv-dark-bg-background-color has-background-dim-100 has-background-dim\"><\/span><div class=\"wp-block-cover__inner-container is-layout-flow wp-block-cover-is-layout-flow\">\n<div class=\"wp-block-group\"><div class=\"wp-block-group__inner-container is-layout-flow wp-block-group-is-layout-flow\">\n<div style=\"height:80px\" aria-hidden=\"true\" class=\"wp-block-spacer\"><\/div>\n\n\n\n<div class=\"wp-block-columns are-vertically-aligned-center is-layout-flex wp-container-core-columns-is-layout-9d6595d7 wp-block-columns-is-layout-flex\">\n<div class=\"wp-block-column is-vertically-aligned-center is-layout-flow wp-block-column-is-layout-flow\" style=\"flex-basis:50%\">\n<h2 class=\"wp-block-heading has-nv-text-dark-bg-color has-text-color\">Come \u00e8 nato il Cooperative Teaching<\/h2>\n\n\n\n<p class=\"has-text-align-left has-nv-text-dark-bg-color has-text-color\">Fino a qualche anno fa, credevo che i social network fossero ambienti sterili dove le persone decidevano di mettere in vetrina solo ci\u00f2 che volevano mostrare. Poi un giorno tantissimi insegnanti di tutta Italia, me compresa, hanno iniziato a condividere sotto un unico hashtag le loro esperienze e attivit\u00e0. Sarebbe stata l&#8217;ennesima vetrina, se non fosse che con il tempo, ho iniziato a creare legami reali con colleghi geograficamente molto lontani da me. Non si trattava pi\u00f9 di &#8220;mostrare&#8221;, ma di parlare, creare insieme, collaborare. <\/p>\n\n\n\n<p class=\"has-text-align-left has-nv-text-dark-bg-color has-text-color\"><br>La necessit\u00e0, che molti dichiaravano, di voler trovare uno spazio in cui discutere di didattica e confrontarsi su vari progetti per la scuola, mi ha spinta a creare alcuni workshop cooperativi, un gruppo di lettura jigsaw per insegnanti e infine questo progetto.<br><br>Il Cooperative Teaching non \u00e8 una piattaforma che eroga corsi online; questo \u00e8 uno spazio dove poter prendere parte a delle Occasioni di confronto. \u00c8 un&#8217;aula professori virtuale dove chi \u00e8 appena arrivato potr\u00e0 trovare qualcuno che sappia dare qualche prezioso consiglio, mentre chi \u00e8 gi\u00e0 nel mondo della scuola da tempo, potr\u00e0 conoscere altri colleghi e scoprire diversi punti di vista.<\/p>\n\n\n\n<p class=\"has-text-align-left has-nv-text-dark-bg-color has-text-color\">Questo \u00e8 possibile solo attraverso le nostre proposte. Le Occasioni (ho deciso di chiamare cos\u00ec gli eventi a cui potrete partecipare &#8211; un omaggio a Eugenio Montale) sono eventi  proposti da voi, dove ci sar\u00e0 un docente che si occupa della gestione e un massimo di 25-30 docenti che partecipano e divisi in gruppi lavorano insieme e conoscono nuovi colleghi sia come persone, sia nel loro modo di lavorare.<br><br>L&#8217;obiettivo \u00e8 imparare o migliorare le proprie metodologie e strategie di insegnamento attraverso la cooperazione, perch\u00e9 insegnare \u00e8 bello, cooperare \u00e8 meglio.<\/p>\n\n\n\n<div style=\"height:20px\" aria-hidden=\"true\" class=\"wp-block-spacer\"><\/div>\n<\/div>\n\n\n\n<div class=\"wp-block-column is-vertically-aligned-center is-layout-flow wp-block-column-is-layout-flow\" style=\"flex-basis:50%\">\n<figure class=\"wp-block-image size-large\"><img loading=\"lazy\" decoding=\"async\" width=\"1024\" height=\"683\" src=\"https:\/\/cooperativeteaching.it\/wp-content\/uploads\/2022\/08\/john-schnobrich-2FPjlAyMQTA-unsplash-1-1024x683.jpg\" alt=\"\" class=\"wp-image-446\" srcset=\"https:\/\/cooperativeteaching.it\/wp-content\/uploads\/2022\/08\/john-schnobrich-2FPjlAyMQTA-unsplash-1-1024x683.jpg 1024w, https:\/\/cooperativeteaching.it\/wp-content\/uploads\/2022\/08\/john-schnobrich-2FPjlAyMQTA-unsplash-1-300x200.jpg 300w, https:\/\/cooperativeteaching.it\/wp-content\/uploads\/2022\/08\/john-schnobrich-2FPjlAyMQTA-unsplash-1-768x512.jpg 768w, https:\/\/cooperativeteaching.it\/wp-content\/uploads\/2022\/08\/john-schnobrich-2FPjlAyMQTA-unsplash-1-1536x1024.jpg 1536w, https:\/\/cooperativeteaching.it\/wp-content\/uploads\/2022\/08\/john-schnobrich-2FPjlAyMQTA-unsplash-1-2048x1365.jpg 2048w, https:\/\/cooperativeteaching.it\/wp-content\/uploads\/2022\/08\/john-schnobrich-2FPjlAyMQTA-unsplash-1-930x620.jpg 930w\" sizes=\"auto, (max-width: 1024px) 100vw, 1024px\" \/><\/figure>\n<\/div>\n<\/div>\n\n\n\n<div style=\"height:40px\" aria-hidden=\"true\" class=\"wp-block-spacer\"><\/div>\n<\/div><\/div>\n<\/div><\/div>\n\n\n\n<h2 class=\"wp-block-heading\">Parlano di noi:<\/h2>\n\n\n\n<figure class=\"wp-block-embed is-type-rich is-provider-spotify wp-block-embed-spotify wp-embed-aspect-21-9 wp-has-aspect-ratio\"><div class=\"wp-block-embed__wrapper\">\n<iframe title=\"Spotify Embed: Episodio n.36_giugno 2024\" style=\"border-radius: 12px\" width=\"100%\" height=\"152\" frameborder=\"0\" allowfullscreen allow=\"autoplay; clipboard-write; encrypted-media; fullscreen; picture-in-picture\" loading=\"lazy\" src=\"https:\/\/open.spotify.com\/embed\/episode\/7hhOPMiQXqv0ipRTfK3M79?si=NSMJzuwsQRK_eR-dZ4islA&#038;utm_source=oembed\"><\/iframe>\n<\/div><\/figure>\n\n\n\n<figure class=\"wp-block-embed is-type-rich is-provider-spotify wp-block-embed-spotify wp-embed-aspect-21-9 wp-has-aspect-ratio\"><div class=\"wp-block-embed__wrapper\">\n<iframe title=\"Spotify Embed: Episodio n.20_Ottobre 2022\" style=\"border-radius: 12px\" width=\"100%\" height=\"152\" frameborder=\"0\" allowfullscreen allow=\"autoplay; clipboard-write; encrypted-media; fullscreen; picture-in-picture\" loading=\"lazy\" src=\"https:\/\/open.spotify.com\/embed\/episode\/4IqWDwb1ImOluZ1wyyCPKt?si=4fb5454714de4ebc&#038;utm_source=oembed\"><\/iframe>\n<\/div><\/figure>\n\n\n\n<div class=\"wp-block-cover alignfull\" style=\"min-height:420px;aspect-ratio:unset;\"><span aria-hidden=\"true\" class=\"wp-block-cover__background has-nv-site-bg-background-color has-background-dim-100 has-background-dim\"><\/span><div class=\"wp-block-cover__inner-container is-layout-flow wp-block-cover-is-layout-flow\">\n<div style=\"height:2px\" aria-hidden=\"true\" class=\"wp-block-spacer\"><\/div>\n\n\n\n<div class=\"wp-block-columns is-layout-flex wp-container-core-columns-is-layout-9d6595d7 wp-block-columns-is-layout-flex\">\n<div class=\"wp-block-column ticss-4ce656f1 is-layout-flow wp-block-column-is-layout-flow\">\n<figure class=\"wp-block-image size-large icon-style is-style-rounded\"><img loading=\"lazy\" decoding=\"async\" width=\"72\" height=\"72\" src=\"https:\/\/cooperativeteaching.it\/wp-content\/uploads\/2020\/01\/neve-webdesign-GB-03.png\" alt=\"\" class=\"wp-image-20\"\/><\/figure>\n\n\n\n<h3 class=\"wp-block-heading has-text-align-left has-text-align-center has-neve-text-color-color has-text-color\">Cooperazione<\/h3>\n\n\n\n<p class=\"has-text-align-left has-neve-text-color-color has-text-color\" style=\"font-size:15px\">L&#8217;idea sfrutta la metodologia didattica del Cooperative Learning<\/p>\n\n\n\n<div style=\"height:20px\" aria-hidden=\"true\" class=\"wp-block-spacer\"><\/div>\n<\/div>\n\n\n\n<div class=\"wp-block-column ticss-f6fc7494 is-layout-flow wp-block-column-is-layout-flow\">\n<figure class=\"wp-block-image size-large icon-style is-style-rounded\"><img loading=\"lazy\" decoding=\"async\" width=\"72\" height=\"72\" src=\"https:\/\/cooperativeteaching.it\/wp-content\/uploads\/2020\/01\/neve-webdesign-GB-03.png\" alt=\"\" class=\"wp-image-20\"\/><\/figure>\n\n\n\n<h3 class=\"wp-block-heading has-text-align-left has-text-align-center has-neve-text-color-color has-text-color\">Virtuale<\/h3>\n\n\n\n<p class=\"has-text-align-left has-neve-text-color-color has-text-color\" style=\"font-size:15px\">Gli spazi virtuali ci permettono di raggiungere docenti da tutta Italia (e perch\u00e9 no, magari anche dall&#8217;estero)<\/p>\n\n\n\n<div style=\"height:20px\" aria-hidden=\"true\" class=\"wp-block-spacer\"><\/div>\n<\/div>\n\n\n\n<div class=\"wp-block-column ticss-a5b4df29 is-layout-flow wp-block-column-is-layout-flow\">\n<figure class=\"wp-block-image size-large icon-style is-style-rounded\"><img loading=\"lazy\" decoding=\"async\" width=\"72\" height=\"72\" src=\"https:\/\/cooperativeteaching.it\/wp-content\/uploads\/2020\/01\/neve-webdesign-GB-03.png\" alt=\"\" class=\"wp-image-20\"\/><\/figure>\n\n\n\n<h3 class=\"wp-block-heading has-text-align-left has-text-align-center has-neve-text-color-color has-text-color\">Reale<\/h3>\n\n\n\n<p class=\"has-text-align-left has-neve-text-color-color has-text-color\" style=\"font-size:15px\">Lavorando in piccoli gruppi in modalit\u00e0 videoconferenza possiamo conoscere colleghi affini e creare legami veri<\/p>\n\n\n\n<div style=\"height:20px\" aria-hidden=\"true\" class=\"wp-block-spacer\"><\/div>\n<\/div>\n<\/div>\n\n\n\n<div style=\"height:30px\" aria-hidden=\"true\" class=\"wp-block-spacer\"><\/div>\n<\/div><\/div>\n","protected":false},"excerpt":{"rendered":"<p>Parlano di noi:<\/p>\n","protected":false},"author":1,"featured_media":0,"parent":0,"menu_order":0,"comment_status":"closed","ping_status":"closed","template":"","meta":{"neve_meta_sidebar":"default","neve_meta_container":"default","neve_meta_enable_content_width":"on","neve_meta_content_width":100,"neve_meta_title_alignment":"","neve_meta_author_avatar":"","neve_post_elements_order":"","neve_meta_disable_header":"","neve_meta_disable_footer":"","neve_meta_disable_title":"on","footnotes":""},"class_list":["post-61","page","type-page","status-publish","hentry"],"yoast_head":"<!-- This site is optimized with the Yoast SEO plugin v19.11 - https:\/\/yoast.com\/wordpress\/plugins\/seo\/ -->\n<title>Il progetto - Cooperative Teaching<\/title>\n<meta name=\"robots\" content=\"index, follow, max-snippet:-1, max-image-preview:large, max-video-preview:-1\" \/>\n<link rel=\"canonical\" href=\"https:\/\/cooperativeteaching.it\/index.php\/15c42-web-agency-gb-about-us\/\" \/>\n<meta property=\"og:locale\" content=\"it_IT\" \/>\n<meta property=\"og:type\" content=\"article\" \/>\n<meta property=\"og:title\" content=\"Il progetto - Cooperative Teaching\" \/>\n<meta property=\"og:description\" content=\"Parlano di noi:\" \/>\n<meta property=\"og:url\" content=\"https:\/\/cooperativeteaching.it\/index.php\/15c42-web-agency-gb-about-us\/\" \/>\n<meta property=\"og:site_name\" content=\"Cooperative Teaching\" \/>\n<meta property=\"article:modified_time\" content=\"2024-06-01T20:47:59+00:00\" \/>\n<meta property=\"og:image\" content=\"https:\/\/cooperativeteaching.it\/wp-content\/uploads\/2022\/08\/bibliodiclasse.jpg\" \/>\n<meta name=\"twitter:card\" content=\"summary_large_image\" \/>\n<meta name=\"twitter:label1\" content=\"Tempo di lettura stimato\" \/>\n\t<meta name=\"twitter:data1\" content=\"4 minuti\" \/>\n<script type=\"application\/ld+json\" class=\"yoast-schema-graph\">{\"@context\":\"https:\/\/schema.org\",\"@graph\":[{\"@type\":\"WebPage\",\"@id\":\"https:\/\/cooperativeteaching.it\/index.php\/15c42-web-agency-gb-about-us\/\",\"url\":\"https:\/\/cooperativeteaching.it\/index.php\/15c42-web-agency-gb-about-us\/\",\"name\":\"Il progetto - Cooperative Teaching\",\"isPartOf\":{\"@id\":\"https:\/\/cooperativeteaching.it\/#website\"},\"datePublished\":\"2020-01-23T18:21:52+00:00\",\"dateModified\":\"2024-06-01T20:47:59+00:00\",\"breadcrumb\":{\"@id\":\"https:\/\/cooperativeteaching.it\/index.php\/15c42-web-agency-gb-about-us\/#breadcrumb\"},\"inLanguage\":\"it-IT\",\"potentialAction\":[{\"@type\":\"ReadAction\",\"target\":[\"https:\/\/cooperativeteaching.it\/index.php\/15c42-web-agency-gb-about-us\/\"]}]},{\"@type\":\"BreadcrumbList\",\"@id\":\"https:\/\/cooperativeteaching.it\/index.php\/15c42-web-agency-gb-about-us\/#breadcrumb\",\"itemListElement\":[{\"@type\":\"ListItem\",\"position\":1,\"name\":\"Home\",\"item\":\"https:\/\/cooperativeteaching.it\/\"},{\"@type\":\"ListItem\",\"position\":2,\"name\":\"Il progetto\"}]},{\"@type\":\"WebSite\",\"@id\":\"https:\/\/cooperativeteaching.it\/#website\",\"url\":\"https:\/\/cooperativeteaching.it\/\",\"name\":\"Cooperative Teaching\",\"description\":\"Insegnare \u00e8 bello, condividere lo \u00e8 ancora di pi\u00f9\",\"publisher\":{\"@id\":\"https:\/\/cooperativeteaching.it\/#organization\"},\"potentialAction\":[{\"@type\":\"SearchAction\",\"target\":{\"@type\":\"EntryPoint\",\"urlTemplate\":\"https:\/\/cooperativeteaching.it\/?s={search_term_string}\"},\"query-input\":\"required name=search_term_string\"}],\"inLanguage\":\"it-IT\"},{\"@type\":\"Organization\",\"@id\":\"https:\/\/cooperativeteaching.it\/#organization\",\"name\":\"Cooperative Teaching\",\"url\":\"https:\/\/cooperativeteaching.it\/\",\"logo\":{\"@type\":\"ImageObject\",\"inLanguage\":\"it-IT\",\"@id\":\"https:\/\/cooperativeteaching.it\/#\/schema\/logo\/image\/\",\"url\":\"https:\/\/cooperativeteaching.it\/wp-content\/uploads\/2022\/08\/Honey.png\",\"contentUrl\":\"https:\/\/cooperativeteaching.it\/wp-content\/uploads\/2022\/08\/Honey.png\",\"width\":500,\"height\":500,\"caption\":\"Cooperative Teaching\"},\"image\":{\"@id\":\"https:\/\/cooperativeteaching.it\/#\/schema\/logo\/image\/\"},\"sameAs\":[\"https:\/\/www.instagram.com\/pseudo_intellettuale\/\"]}]}<\/script>\n<!-- \/ Yoast SEO plugin. -->","yoast_head_json":{"title":"Il progetto - Cooperative Teaching","robots":{"index":"index","follow":"follow","max-snippet":"max-snippet:-1","max-image-preview":"max-image-preview:large","max-video-preview":"max-video-preview:-1"},"canonical":"https:\/\/cooperativeteaching.it\/index.php\/15c42-web-agency-gb-about-us\/","og_locale":"it_IT","og_type":"article","og_title":"Il progetto - Cooperative Teaching","og_description":"Parlano di noi:","og_url":"https:\/\/cooperativeteaching.it\/index.php\/15c42-web-agency-gb-about-us\/","og_site_name":"Cooperative Teaching","article_modified_time":"2024-06-01T20:47:59+00:00","og_image":[{"url":"https:\/\/cooperativeteaching.it\/wp-content\/uploads\/2022\/08\/bibliodiclasse.jpg"}],"twitter_card":"summary_large_image","twitter_misc":{"Tempo di lettura stimato":"4 minuti"},"schema":{"@context":"https:\/\/schema.org","@graph":[{"@type":"WebPage","@id":"https:\/\/cooperativeteaching.it\/index.php\/15c42-web-agency-gb-about-us\/","url":"https:\/\/cooperativeteaching.it\/index.php\/15c42-web-agency-gb-about-us\/","name":"Il progetto - Cooperative Teaching","isPartOf":{"@id":"https:\/\/cooperativeteaching.it\/#website"},"datePublished":"2020-01-23T18:21:52+00:00","dateModified":"2024-06-01T20:47:59+00:00","breadcrumb":{"@id":"https:\/\/cooperativeteaching.it\/index.php\/15c42-web-agency-gb-about-us\/#breadcrumb"},"inLanguage":"it-IT","potentialAction":[{"@type":"ReadAction","target":["https:\/\/cooperativeteaching.it\/index.php\/15c42-web-agency-gb-about-us\/"]}]},{"@type":"BreadcrumbList","@id":"https:\/\/cooperativeteaching.it\/index.php\/15c42-web-agency-gb-about-us\/#breadcrumb","itemListElement":[{"@type":"ListItem","position":1,"name":"Home","item":"https:\/\/cooperativeteaching.it\/"},{"@type":"ListItem","position":2,"name":"Il progetto"}]},{"@type":"WebSite","@id":"https:\/\/cooperativeteaching.it\/#website","url":"https:\/\/cooperativeteaching.it\/","name":"Cooperative Teaching","description":"Insegnare \u00e8 bello, condividere lo \u00e8 ancora di pi\u00f9","publisher":{"@id":"https:\/\/cooperativeteaching.it\/#organization"},"potentialAction":[{"@type":"SearchAction","target":{"@type":"EntryPoint","urlTemplate":"https:\/\/cooperativeteaching.it\/?s={search_term_string}"},"query-input":"required name=search_term_string"}],"inLanguage":"it-IT"},{"@type":"Organization","@id":"https:\/\/cooperativeteaching.it\/#organization","name":"Cooperative Teaching","url":"https:\/\/cooperativeteaching.it\/","logo":{"@type":"ImageObject","inLanguage":"it-IT","@id":"https:\/\/cooperativeteaching.it\/#\/schema\/logo\/image\/","url":"https:\/\/cooperativeteaching.it\/wp-content\/uploads\/2022\/08\/Honey.png","contentUrl":"https:\/\/cooperativeteaching.it\/wp-content\/uploads\/2022\/08\/Honey.png","width":500,"height":500,"caption":"Cooperative Teaching"},"image":{"@id":"https:\/\/cooperativeteaching.it\/#\/schema\/logo\/image\/"},"sameAs":["https:\/\/www.instagram.com\/pseudo_intellettuale\/"]}]}},"_links":{"self":[{"href":"https:\/\/cooperativeteaching.it\/index.php\/wp-json\/wp\/v2\/pages\/61","targetHints":{"allow":["GET"]}}],"collection":[{"href":"https:\/\/cooperativeteaching.it\/index.php\/wp-json\/wp\/v2\/pages"}],"about":[{"href":"https:\/\/cooperativeteaching.it\/index.php\/wp-json\/wp\/v2\/types\/page"}],"author":[{"embeddable":true,"href":"https:\/\/cooperativeteaching.it\/index.php\/wp-json\/wp\/v2\/users\/1"}],"replies":[{"embeddable":true,"href":"https:\/\/cooperativeteaching.it\/index.php\/wp-json\/wp\/v2\/comments?post=61"}],"version-history":[{"count":10,"href":"https:\/\/cooperativeteaching.it\/index.php\/wp-json\/wp\/v2\/pages\/61\/revisions"}],"predecessor-version":[{"id":896,"href":"https:\/\/cooperativeteaching.it\/index.php\/wp-json\/wp\/v2\/pages\/61\/revisions\/896"}],"wp:attachment":[{"href":"https:\/\/cooperativeteaching.it\/index.php\/wp-json\/wp\/v2\/media?parent=61"}],"curies":[{"name":"wp","href":"https:\/\/api.w.org\/{rel}","templated":true}]}}