{"id":69,"date":"2020-01-27T08:05:29","date_gmt":"2020-01-27T08:05:29","guid":{"rendered":"https:\/\/demosites.io\/web-agency-gb\/?page_id=69"},"modified":"2023-04-12T16:27:31","modified_gmt":"2023-04-12T16:27:31","slug":"15c42-web-agency-gb-portfolio","status":"publish","type":"page","link":"https:\/\/cooperativeteaching.it\/index.php\/15c42-web-agency-gb-portfolio\/","title":{"rendered":"Cosa bolle in pentola"},"content":{"rendered":"\n<div class=\"wp-block-cover alignfull\" style=\"min-height:300px;aspect-ratio:unset;\"><span aria-hidden=\"true\" class=\"wp-block-cover__background has-nv-site-bg-background-color has-background-dim-100 has-background-dim\"><\/span><div class=\"wp-block-cover__inner-container is-layout-flow wp-block-cover-is-layout-flow\">\n<div class=\"wp-block-group\"><div class=\"wp-block-group__inner-container is-layout-flow wp-block-group-is-layout-flow\">\n<h1 class=\"wp-block-heading has-text-align-left has-neve-text-color-color has-text-color\">Cosa bolle in pentola &#8211; Occasioni attive<\/h1>\n<\/div><\/div>\n<\/div><\/div>\n\n\n\n<div class=\"wp-block-columns is-layout-flex wp-container-core-columns-is-layout-9d6595d7 wp-block-columns-is-layout-flex\">\n<div class=\"wp-block-column is-layout-flow wp-block-column-is-layout-flow\" style=\"flex-basis:100%\">\n<div class=\"wp-block-columns is-layout-flex wp-container-core-columns-is-layout-9d6595d7 wp-block-columns-is-layout-flex\">\n<div class=\"wp-block-column is-layout-flow wp-block-column-is-layout-flow\" style=\"flex-basis:100%\">\n<div class=\"wp-block-cover aligncenter\"><span aria-hidden=\"true\" class=\"wp-block-cover__background has-nv-light-bg-background-color has-background-dim-100 has-background-dim\"><\/span><div class=\"wp-block-cover__inner-container is-layout-flow wp-block-cover-is-layout-flow\">\n<div class=\"wp-block-group\"><div class=\"wp-block-group__inner-container is-layout-flow wp-block-group-is-layout-flow\">\n<div class=\"wp-block-columns is-layout-flex wp-container-core-columns-is-layout-9d6595d7 wp-block-columns-is-layout-flex\">\n<div class=\"wp-block-column is-layout-flow wp-block-column-is-layout-flow\">\n<p><\/p>\n\n\n\n<p class=\"has-text-align-center has-nv-dark-bg-color has-text-color\"><\/p>\n\n\n\n<p class=\"has-nv-c-2-color has-text-color\"><\/p>\n<\/div>\n\n\n\n<div class=\"wp-block-column is-layout-flow wp-block-column-is-layout-flow\">\n<p><\/p>\n\n\n\n<p class=\"has-text-align-center has-nv-dark-bg-color has-text-color\"><\/p>\n\n\n\n<p class=\"has-text-align-center has-nv-dark-bg-color has-text-color\"><\/p>\n<\/div>\n<\/div>\n\n\n\n<div style=\"height:40px\" aria-hidden=\"true\" class=\"wp-block-spacer\"><\/div>\n<\/div><\/div>\n<\/div><\/div>\n<\/div>\n<\/div>\n<\/div>\n<\/div>\n\n\n\n<div class=\"wp-block-cover alignfull\" style=\"min-height:600px;aspect-ratio:unset;\"><span aria-hidden=\"true\" class=\"wp-block-cover__background has-nv-site-bg-background-color has-background-dim-100 has-background-dim\"><\/span><div class=\"wp-block-cover__inner-container is-layout-flow wp-block-cover-is-layout-flow\">\n<div class=\"wp-block-group\"><div class=\"wp-block-group__inner-container is-layout-flow wp-block-group-is-layout-flow\">\n<div style=\"height:80px\" aria-hidden=\"true\" class=\"wp-block-spacer\"><\/div>\n\n\n\n<div class=\"wp-block-columns are-vertically-aligned-center is-layout-flex wp-container-core-columns-is-layout-9d6595d7 wp-block-columns-is-layout-flex\">\n<div class=\"wp-block-column is-layout-flow wp-block-column-is-layout-flow\"><\/div>\n\n\n\n<div class=\"wp-block-column is-layout-flow wp-block-column-is-layout-flow\"><\/div>\n<\/div>\n\n\n\n<div style=\"height:40px\" aria-hidden=\"true\" class=\"wp-block-spacer\"><\/div>\n<\/div><\/div>\n<\/div><\/div>\n\n\n\n<div class=\"wp-block-cover alignfull\" style=\"min-height:300px;aspect-ratio:unset;\"><span aria-hidden=\"true\" class=\"wp-block-cover__background has-nv-dark-bg-background-color has-background-dim-100 has-background-dim\"><\/span><div class=\"wp-block-cover__inner-container is-layout-flow wp-block-cover-is-layout-flow\">\n<div style=\"height:80px\" aria-hidden=\"true\" class=\"wp-block-spacer\"><\/div>\n\n\n<div class=\"wp-block-image is-style-rounded\">\n<figure class=\"aligncenter size-thumbnail\"><img loading=\"lazy\" decoding=\"async\" width=\"150\" height=\"150\" src=\"https:\/\/cooperativeteaching.it\/wp-content\/uploads\/2022\/08\/cropped-Honey-150x150.png\" alt=\"\" class=\"wp-image-362\" srcset=\"https:\/\/cooperativeteaching.it\/wp-content\/uploads\/2022\/08\/cropped-Honey-150x150.png 150w, https:\/\/cooperativeteaching.it\/wp-content\/uploads\/2022\/08\/cropped-Honey.png 200w\" sizes=\"auto, (max-width: 150px) 100vw, 150px\" \/><\/figure>\n<\/div>\n\n\n<p class=\"has-text-align-center has-nv-text-dark-bg-color has-text-color\">Hai un&#8217;idea che ti frulla nella testa?<br>Proponila! Potrebbe essere il prossimo evento.<\/p>\n\n\n\n<div class=\"wp-block-buttons is-content-justification-center is-layout-flex wp-container-core-buttons-is-layout-16018d1d wp-block-buttons-is-layout-flex\">\n<div class=\"wp-block-button\"><a class=\"wp-block-button__link has-nv-dark-bg-color has-neve-link-color-background-color has-text-color has-background wp-element-button\" href=\"https:\/\/cooperativeteaching.it\/index.php\/15c42-web-agency-gb-collaborazioni\/\">COLLABORA<\/a><\/div>\n<\/div>\n\n\n\n<div style=\"height:80px\" aria-hidden=\"true\" class=\"wp-block-spacer\"><\/div>\n<\/div><\/div>\n","protected":false},"excerpt":{"rendered":"","protected":false},"author":1,"featured_media":0,"parent":0,"menu_order":0,"comment_status":"closed","ping_status":"closed","template":"","meta":{"neve_meta_sidebar":"full-width","neve_meta_container":"","neve_meta_enable_content_width":"on","neve_meta_content_width":100,"neve_meta_title_alignment":"","neve_meta_author_avatar":"","neve_post_elements_order":"","neve_meta_disable_header":"","neve_meta_disable_footer":"","neve_meta_disable_title":"on","footnotes":""},"class_list":["post-69","page","type-page","status-publish","hentry"],"yoast_head":"<!-- This site is optimized with the Yoast SEO plugin v19.11 - https:\/\/yoast.com\/wordpress\/plugins\/seo\/ -->\n<title>Cosa bolle in pentola - Cooperative Teaching<\/title>\n<meta name=\"robots\" content=\"index, follow, max-snippet:-1, max-image-preview:large, max-video-preview:-1\" \/>\n<link rel=\"canonical\" href=\"https:\/\/cooperativeteaching.it\/index.php\/15c42-web-agency-gb-portfolio\/\" \/>\n<meta property=\"og:locale\" content=\"it_IT\" \/>\n<meta property=\"og:type\" content=\"article\" \/>\n<meta property=\"og:title\" content=\"Cosa bolle in pentola - Cooperative Teaching\" \/>\n<meta property=\"og:url\" content=\"https:\/\/cooperativeteaching.it\/index.php\/15c42-web-agency-gb-portfolio\/\" \/>\n<meta property=\"og:site_name\" content=\"Cooperative Teaching\" \/>\n<meta property=\"article:modified_time\" content=\"2023-04-12T16:27:31+00:00\" \/>\n<meta property=\"og:image\" content=\"https:\/\/cooperativeteaching.it\/wp-content\/uploads\/2022\/08\/cropped-Honey-150x150.png\" \/>\n<meta name=\"twitter:card\" content=\"summary_large_image\" \/>\n<meta name=\"twitter:label1\" content=\"Tempo di lettura stimato\" \/>\n\t<meta name=\"twitter:data1\" content=\"1 minuto\" \/>\n<script type=\"application\/ld+json\" class=\"yoast-schema-graph\">{\"@context\":\"https:\/\/schema.org\",\"@graph\":[{\"@type\":\"WebPage\",\"@id\":\"https:\/\/cooperativeteaching.it\/index.php\/15c42-web-agency-gb-portfolio\/\",\"url\":\"https:\/\/cooperativeteaching.it\/index.php\/15c42-web-agency-gb-portfolio\/\",\"name\":\"Cosa bolle in pentola - Cooperative Teaching\",\"isPartOf\":{\"@id\":\"https:\/\/cooperativeteaching.it\/#website\"},\"datePublished\":\"2020-01-27T08:05:29+00:00\",\"dateModified\":\"2023-04-12T16:27:31+00:00\",\"breadcrumb\":{\"@id\":\"https:\/\/cooperativeteaching.it\/index.php\/15c42-web-agency-gb-portfolio\/#breadcrumb\"},\"inLanguage\":\"it-IT\",\"potentialAction\":[{\"@type\":\"ReadAction\",\"target\":[\"https:\/\/cooperativeteaching.it\/index.php\/15c42-web-agency-gb-portfolio\/\"]}]},{\"@type\":\"BreadcrumbList\",\"@id\":\"https:\/\/cooperativeteaching.it\/index.php\/15c42-web-agency-gb-portfolio\/#breadcrumb\",\"itemListElement\":[{\"@type\":\"ListItem\",\"position\":1,\"name\":\"Home\",\"item\":\"https:\/\/cooperativeteaching.it\/\"},{\"@type\":\"ListItem\",\"position\":2,\"name\":\"Cosa bolle in pentola\"}]},{\"@type\":\"WebSite\",\"@id\":\"https:\/\/cooperativeteaching.it\/#website\",\"url\":\"https:\/\/cooperativeteaching.it\/\",\"name\":\"Cooperative Teaching\",\"description\":\"Insegnare \u00e8 bello, condividere lo \u00e8 ancora di pi\u00f9\",\"publisher\":{\"@id\":\"https:\/\/cooperativeteaching.it\/#organization\"},\"potentialAction\":[{\"@type\":\"SearchAction\",\"target\":{\"@type\":\"EntryPoint\",\"urlTemplate\":\"https:\/\/cooperativeteaching.it\/?s={search_term_string}\"},\"query-input\":\"required name=search_term_string\"}],\"inLanguage\":\"it-IT\"},{\"@type\":\"Organization\",\"@id\":\"https:\/\/cooperativeteaching.it\/#organization\",\"name\":\"Cooperative Teaching\",\"url\":\"https:\/\/cooperativeteaching.it\/\",\"logo\":{\"@type\":\"ImageObject\",\"inLanguage\":\"it-IT\",\"@id\":\"https:\/\/cooperativeteaching.it\/#\/schema\/logo\/image\/\",\"url\":\"https:\/\/cooperativeteaching.it\/wp-content\/uploads\/2022\/08\/Honey.png\",\"contentUrl\":\"https:\/\/cooperativeteaching.it\/wp-content\/uploads\/2022\/08\/Honey.png\",\"width\":500,\"height\":500,\"caption\":\"Cooperative Teaching\"},\"image\":{\"@id\":\"https:\/\/cooperativeteaching.it\/#\/schema\/logo\/image\/\"},\"sameAs\":[\"https:\/\/www.instagram.com\/pseudo_intellettuale\/\"]}]}<\/script>\n<!-- \/ Yoast SEO plugin. -->","yoast_head_json":{"title":"Cosa bolle in pentola - Cooperative Teaching","robots":{"index":"index","follow":"follow","max-snippet":"max-snippet:-1","max-image-preview":"max-image-preview:large","max-video-preview":"max-video-preview:-1"},"canonical":"https:\/\/cooperativeteaching.it\/index.php\/15c42-web-agency-gb-portfolio\/","og_locale":"it_IT","og_type":"article","og_title":"Cosa bolle in pentola - Cooperative Teaching","og_url":"https:\/\/cooperativeteaching.it\/index.php\/15c42-web-agency-gb-portfolio\/","og_site_name":"Cooperative Teaching","article_modified_time":"2023-04-12T16:27:31+00:00","og_image":[{"url":"https:\/\/cooperativeteaching.it\/wp-content\/uploads\/2022\/08\/cropped-Honey-150x150.png"}],"twitter_card":"summary_large_image","twitter_misc":{"Tempo di lettura stimato":"1 minuto"},"schema":{"@context":"https:\/\/schema.org","@graph":[{"@type":"WebPage","@id":"https:\/\/cooperativeteaching.it\/index.php\/15c42-web-agency-gb-portfolio\/","url":"https:\/\/cooperativeteaching.it\/index.php\/15c42-web-agency-gb-portfolio\/","name":"Cosa bolle in pentola - Cooperative Teaching","isPartOf":{"@id":"https:\/\/cooperativeteaching.it\/#website"},"datePublished":"2020-01-27T08:05:29+00:00","dateModified":"2023-04-12T16:27:31+00:00","breadcrumb":{"@id":"https:\/\/cooperativeteaching.it\/index.php\/15c42-web-agency-gb-portfolio\/#breadcrumb"},"inLanguage":"it-IT","potentialAction":[{"@type":"ReadAction","target":["https:\/\/cooperativeteaching.it\/index.php\/15c42-web-agency-gb-portfolio\/"]}]},{"@type":"BreadcrumbList","@id":"https:\/\/cooperativeteaching.it\/index.php\/15c42-web-agency-gb-portfolio\/#breadcrumb","itemListElement":[{"@type":"ListItem","position":1,"name":"Home","item":"https:\/\/cooperativeteaching.it\/"},{"@type":"ListItem","position":2,"name":"Cosa bolle in pentola"}]},{"@type":"WebSite","@id":"https:\/\/cooperativeteaching.it\/#website","url":"https:\/\/cooperativeteaching.it\/","name":"Cooperative Teaching","description":"Insegnare \u00e8 bello, condividere lo \u00e8 ancora di pi\u00f9","publisher":{"@id":"https:\/\/cooperativeteaching.it\/#organization"},"potentialAction":[{"@type":"SearchAction","target":{"@type":"EntryPoint","urlTemplate":"https:\/\/cooperativeteaching.it\/?s={search_term_string}"},"query-input":"required name=search_term_string"}],"inLanguage":"it-IT"},{"@type":"Organization","@id":"https:\/\/cooperativeteaching.it\/#organization","name":"Cooperative Teaching","url":"https:\/\/cooperativeteaching.it\/","logo":{"@type":"ImageObject","inLanguage":"it-IT","@id":"https:\/\/cooperativeteaching.it\/#\/schema\/logo\/image\/","url":"https:\/\/cooperativeteaching.it\/wp-content\/uploads\/2022\/08\/Honey.png","contentUrl":"https:\/\/cooperativeteaching.it\/wp-content\/uploads\/2022\/08\/Honey.png","width":500,"height":500,"caption":"Cooperative Teaching"},"image":{"@id":"https:\/\/cooperativeteaching.it\/#\/schema\/logo\/image\/"},"sameAs":["https:\/\/www.instagram.com\/pseudo_intellettuale\/"]}]}},"_links":{"self":[{"href":"https:\/\/cooperativeteaching.it\/index.php\/wp-json\/wp\/v2\/pages\/69","targetHints":{"allow":["GET"]}}],"collection":[{"href":"https:\/\/cooperativeteaching.it\/index.php\/wp-json\/wp\/v2\/pages"}],"about":[{"href":"https:\/\/cooperativeteaching.it\/index.php\/wp-json\/wp\/v2\/types\/page"}],"author":[{"embeddable":true,"href":"https:\/\/cooperativeteaching.it\/index.php\/wp-json\/wp\/v2\/users\/1"}],"replies":[{"embeddable":true,"href":"https:\/\/cooperativeteaching.it\/index.php\/wp-json\/wp\/v2\/comments?post=69"}],"version-history":[{"count":53,"href":"https:\/\/cooperativeteaching.it\/index.php\/wp-json\/wp\/v2\/pages\/69\/revisions"}],"predecessor-version":[{"id":783,"href":"https:\/\/cooperativeteaching.it\/index.php\/wp-json\/wp\/v2\/pages\/69\/revisions\/783"}],"wp:attachment":[{"href":"https:\/\/cooperativeteaching.it\/index.php\/wp-json\/wp\/v2\/media?parent=69"}],"curies":[{"name":"wp","href":"https:\/\/api.w.org\/{rel}","templated":true}]}}