{"id":75,"date":"2020-01-27T08:29:32","date_gmt":"2020-01-27T08:29:32","guid":{"rendered":"https:\/\/demosites.io\/web-agency-gb\/?page_id=75"},"modified":"2022-08-29T16:22:53","modified_gmt":"2022-08-29T16:22:53","slug":"15c42-web-agency-gb-collaborazioni","status":"publish","type":"page","link":"https:\/\/cooperativeteaching.it\/index.php\/15c42-web-agency-gb-collaborazioni\/","title":{"rendered":"Collaborazioni"},"content":{"rendered":"\n<div class=\"wp-block-columns is-layout-flex wp-container-core-columns-is-layout-9d6595d7 wp-block-columns-is-layout-flex\">\n<div class=\"wp-block-column is-layout-flow wp-block-column-is-layout-flow\" style=\"flex-basis:100%\">\n<div class=\"wp-block-group\"><div class=\"wp-block-group__inner-container is-layout-flow wp-block-group-is-layout-flow\">\n<div class=\"wp-block-columns is-layout-flex wp-container-core-columns-is-layout-9d6595d7 wp-block-columns-is-layout-flex\">\n<div class=\"wp-block-column is-layout-flow wp-block-column-is-layout-flow\" style=\"flex-basis:100%\">\n<div class=\"wp-block-cover alignfull\" style=\"min-height:300px;aspect-ratio:unset;\"><span aria-hidden=\"true\" class=\"wp-block-cover__background has-nv-site-bg-background-color has-background-dim-100 has-background-dim\"><\/span><div class=\"wp-block-cover__inner-container is-layout-flow wp-block-cover-is-layout-flow\">\n<div class=\"wp-block-group\"><div class=\"wp-block-group__inner-container is-layout-flow wp-block-group-is-layout-flow\">\n<h1 class=\"has-text-align-left has-neve-text-color-color has-text-color wp-block-heading\">Collaborazioni<\/h1>\n\n\n\n<p class=\"has-nv-dark-bg-color has-text-color\">Questo spazio \u00e8 dedicato a chi vuole lanciare una proposta per il Cooperative Teaching. Le Occasioni per collaborare infatti sono pensate da voi e per voi, ci\u00f2 significa che a partire da uno spunto possiamo lavorare insieme sulla costruzione di un evento; in questo modo il Cooperative Teaching potr\u00e0 raggiungere pi\u00f9 classi di concorso, ordini e gradi della Scuola e modellarsi affinch\u00e9 risulti adatto a ognuno di voi. <\/p>\n\n\n\n<p class=\"has-nv-dark-bg-color has-text-color\">Se hai una proposta compila il form sottostante e sarai ricontattato il prima possibile.<\/p>\n<\/div><\/div>\n<\/div><\/div>\n<\/div>\n<\/div>\n<\/div><\/div>\n<\/div>\n<\/div>\n\n\n<div class=\"wpforms-container wpforms-container-full\" id=\"wpforms-489\"><form id=\"wpforms-form-489\" class=\"wpforms-validate wpforms-form wpforms-ajax-form\" data-formid=\"489\" method=\"post\" enctype=\"multipart\/form-data\" action=\"\/index.php\/wp-json\/wp\/v2\/pages\/75\" data-token=\"5331378dd859e453bfbda8ebca1422a4\"><noscript class=\"wpforms-error-noscript\">Abilita JavaScript nel browser per completare questo modulo.<\/noscript><div class=\"wpforms-field-container\"><div id=\"wpforms-489-field_0-container\" class=\"wpforms-field wpforms-field-name\" data-field-id=\"0\"><label class=\"wpforms-field-label\" for=\"wpforms-489-field_0\">Nome <span class=\"wpforms-required-label\">*<\/span><\/label><div class=\"wpforms-field-row wpforms-field-medium\"><div class=\"wpforms-field-row-block wpforms-first wpforms-one-half\"><input type=\"text\" id=\"wpforms-489-field_0\" class=\"wpforms-field-name-first wpforms-field-required\" name=\"wpforms[fields][0][first]\" required><label for=\"wpforms-489-field_0\" class=\"wpforms-field-sublabel after \">Nome<\/label><\/div><div class=\"wpforms-field-row-block wpforms-one-half\"><input type=\"text\" id=\"wpforms-489-field_0-last\" class=\"wpforms-field-name-last wpforms-field-required\" name=\"wpforms[fields][0][last]\" required><label for=\"wpforms-489-field_0-last\" class=\"wpforms-field-sublabel after \">Cognome<\/label><\/div><\/div><\/div><div id=\"wpforms-489-field_3-container\" class=\"wpforms-field wpforms-field-text\" data-field-id=\"3\"><label class=\"wpforms-field-label\" for=\"wpforms-489-field_3\">Nickname di Instagram<\/label><input type=\"text\" id=\"wpforms-489-field_3\" class=\"wpforms-field-medium\" name=\"wpforms[fields][3]\" ><\/div><div id=\"wpforms-489-field_1-container\" class=\"wpforms-field wpforms-field-email\" data-field-id=\"1\"><label class=\"wpforms-field-label\" for=\"wpforms-489-field_1\">Email <span class=\"wpforms-required-label\">*<\/span><\/label><input type=\"email\" id=\"wpforms-489-field_1\" class=\"wpforms-field-medium wpforms-field-required\" name=\"wpforms[fields][1]\" required><\/div><div id=\"wpforms-489-field_2-container\" class=\"wpforms-field wpforms-field-textarea\" data-field-id=\"2\"><label class=\"wpforms-field-label\" for=\"wpforms-489-field_2\">Proposta di collaborazione in breve <span class=\"wpforms-required-label\">*<\/span><\/label><textarea id=\"wpforms-489-field_2\" class=\"wpforms-field-medium wpforms-field-required\" name=\"wpforms[fields][2]\" required><\/textarea><\/div><\/div><div class=\"wpforms-submit-container\"><input type=\"hidden\" name=\"wpforms[id]\" value=\"489\"><input type=\"hidden\" name=\"wpforms[author]\" value=\"1\"><button type=\"submit\" name=\"wpforms[submit]\" id=\"wpforms-submit-489\" class=\"wpforms-submit\" data-alt-text=\"Invio in corso...\" data-submit-text=\"Invia\" aria-live=\"assertive\" value=\"wpforms-submit\">Invia<\/button><img loading=\"lazy\" decoding=\"async\" src=\"https:\/\/cooperativeteaching.it\/wp-content\/plugins\/wpforms-lite\/assets\/images\/submit-spin.svg\" class=\"wpforms-submit-spinner\" style=\"display: none;\" width=\"26\" height=\"26\" alt=\"Caricamento\"><\/div><\/form><\/div>  <!-- .wpforms-container -->\n\n\n<div class=\"wp-block-cover alignfull\" style=\"min-height:420px;aspect-ratio:unset;\"><span aria-hidden=\"true\" class=\"wp-block-cover__background has-neve-link-color-background-color has-background-dim-100 has-background-dim\"><\/span><div class=\"wp-block-cover__inner-container is-layout-flow wp-block-cover-is-layout-flow\">\n<div class=\"wp-block-columns is-layout-flex wp-container-core-columns-is-layout-9d6595d7 wp-block-columns-is-layout-flex\">\n<div class=\"wp-block-column ticss-4ce656f1 is-layout-flow wp-block-column-is-layout-flow\">\n<div style=\"height:24px\" aria-hidden=\"true\" class=\"wp-block-spacer\"><\/div>\n\n\n<div class=\"wp-block-image\">\n<figure class=\"aligncenter size-thumbnail\"><img loading=\"lazy\" decoding=\"async\" width=\"150\" height=\"150\" src=\"https:\/\/cooperativeteaching.it\/wp-content\/uploads\/2022\/08\/cropped-Honey-150x150.png\" alt=\"\" class=\"wp-image-362\" srcset=\"https:\/\/cooperativeteaching.it\/wp-content\/uploads\/2022\/08\/cropped-Honey-150x150.png 150w, https:\/\/cooperativeteaching.it\/wp-content\/uploads\/2022\/08\/cropped-Honey.png 200w\" sizes=\"auto, (max-width: 150px) 100vw, 150px\" \/><\/figure>\n<\/div>\n\n\n<h3 class=\"has-text-align-center has-nv-dark-bg-color has-text-color wp-block-heading\">#cooperativeteaching<br><\/h3>\n\n\n\n<div style=\"height:24px\" aria-hidden=\"true\" class=\"wp-block-spacer\"><\/div>\n<\/div>\n\n\n\n<div class=\"wp-block-column ticss-f6fc7494 is-layout-flow wp-block-column-is-layout-flow\">\n<div style=\"height:24px\" aria-hidden=\"true\" class=\"wp-block-spacer\"><\/div>\n\n\n<div class=\"wp-block-image icon-style is-style-default\">\n<figure class=\"aligncenter size-large\"><img decoding=\"async\" src=\"https:\/\/cooperativeteaching.it\/wp-content\/uploads\/2021\/06\/email-sm.png\" alt=\"\" class=\"wp-image-306\"\/><\/figure>\n<\/div>\n\n\n<h3 class=\"has-text-align-center has-neve-text-color-color has-text-color wp-block-heading\">Email<\/h3>\n\n\n\n<p class=\"has-text-align-center has-nv-dark-bg-color has-text-color\" style=\"font-size:15px\">nicole.cassandra.riva@gmail.com<\/p>\n\n\n\n<div style=\"height:0px\" aria-hidden=\"true\" class=\"wp-block-spacer\"><\/div>\n<\/div>\n\n\n\n<div class=\"wp-block-column ticss-a5b4df29 is-layout-flow wp-block-column-is-layout-flow\">\n<div style=\"height:24px\" aria-hidden=\"true\" class=\"wp-block-spacer\"><\/div>\n\n\n<div class=\"wp-block-image icon-style is-style-default\">\n<figure class=\"aligncenter size-large\"><img loading=\"lazy\" decoding=\"async\" width=\"49\" height=\"65\" src=\"https:\/\/cooperativeteaching.it\/wp-content\/uploads\/2021\/06\/location-sm.png\" alt=\"\" class=\"wp-image-305\"\/><\/figure>\n<\/div>\n\n\n<h3 class=\"has-text-align-center has-neve-text-color-color has-text-color wp-block-heading\">Instagram<\/h3>\n\n\n\n<p class=\"has-text-align-center has-nv-dark-bg-color has-text-color\" style=\"font-size:15px\">@pseudo_intellettuale<\/p>\n\n\n\n<div style=\"height:24px\" aria-hidden=\"true\" class=\"wp-block-spacer\"><\/div>\n<\/div>\n<\/div>\n<\/div><\/div>\n","protected":false},"excerpt":{"rendered":"","protected":false},"author":1,"featured_media":0,"parent":0,"menu_order":0,"comment_status":"closed","ping_status":"closed","template":"","meta":{"neve_meta_sidebar":"default","neve_meta_container":"","neve_meta_enable_content_width":"on","neve_meta_content_width":100,"neve_meta_title_alignment":"","neve_meta_author_avatar":"","neve_post_elements_order":"","neve_meta_disable_header":"","neve_meta_disable_footer":"","neve_meta_disable_title":"on","footnotes":""},"class_list":["post-75","page","type-page","status-publish","hentry"],"yoast_head":"<!-- This site is optimized with the Yoast SEO plugin v19.11 - https:\/\/yoast.com\/wordpress\/plugins\/seo\/ -->\n<title>Collaborazioni - Cooperative Teaching<\/title>\n<meta name=\"robots\" content=\"index, follow, max-snippet:-1, max-image-preview:large, max-video-preview:-1\" \/>\n<link rel=\"canonical\" href=\"https:\/\/cooperativeteaching.it\/index.php\/15c42-web-agency-gb-collaborazioni\/\" \/>\n<meta property=\"og:locale\" content=\"it_IT\" \/>\n<meta property=\"og:type\" content=\"article\" \/>\n<meta property=\"og:title\" content=\"Collaborazioni - Cooperative Teaching\" \/>\n<meta property=\"og:url\" content=\"https:\/\/cooperativeteaching.it\/index.php\/15c42-web-agency-gb-collaborazioni\/\" \/>\n<meta property=\"og:site_name\" content=\"Cooperative Teaching\" \/>\n<meta property=\"article:modified_time\" content=\"2022-08-29T16:22:53+00:00\" \/>\n<meta property=\"og:image\" content=\"https:\/\/cooperativeteaching.it\/wp-content\/uploads\/2022\/08\/cropped-Honey-150x150.png\" \/>\n<meta name=\"twitter:card\" content=\"summary_large_image\" \/>\n<meta name=\"twitter:label1\" content=\"Tempo di lettura stimato\" \/>\n\t<meta name=\"twitter:data1\" content=\"2 minuti\" \/>\n<script type=\"application\/ld+json\" class=\"yoast-schema-graph\">{\"@context\":\"https:\/\/schema.org\",\"@graph\":[{\"@type\":\"WebPage\",\"@id\":\"https:\/\/cooperativeteaching.it\/index.php\/15c42-web-agency-gb-collaborazioni\/\",\"url\":\"https:\/\/cooperativeteaching.it\/index.php\/15c42-web-agency-gb-collaborazioni\/\",\"name\":\"Collaborazioni - Cooperative Teaching\",\"isPartOf\":{\"@id\":\"https:\/\/cooperativeteaching.it\/#website\"},\"datePublished\":\"2020-01-27T08:29:32+00:00\",\"dateModified\":\"2022-08-29T16:22:53+00:00\",\"breadcrumb\":{\"@id\":\"https:\/\/cooperativeteaching.it\/index.php\/15c42-web-agency-gb-collaborazioni\/#breadcrumb\"},\"inLanguage\":\"it-IT\",\"potentialAction\":[{\"@type\":\"ReadAction\",\"target\":[\"https:\/\/cooperativeteaching.it\/index.php\/15c42-web-agency-gb-collaborazioni\/\"]}]},{\"@type\":\"BreadcrumbList\",\"@id\":\"https:\/\/cooperativeteaching.it\/index.php\/15c42-web-agency-gb-collaborazioni\/#breadcrumb\",\"itemListElement\":[{\"@type\":\"ListItem\",\"position\":1,\"name\":\"Home\",\"item\":\"https:\/\/cooperativeteaching.it\/\"},{\"@type\":\"ListItem\",\"position\":2,\"name\":\"Collaborazioni\"}]},{\"@type\":\"WebSite\",\"@id\":\"https:\/\/cooperativeteaching.it\/#website\",\"url\":\"https:\/\/cooperativeteaching.it\/\",\"name\":\"Cooperative Teaching\",\"description\":\"Insegnare \u00e8 bello, condividere lo \u00e8 ancora di pi\u00f9\",\"publisher\":{\"@id\":\"https:\/\/cooperativeteaching.it\/#organization\"},\"potentialAction\":[{\"@type\":\"SearchAction\",\"target\":{\"@type\":\"EntryPoint\",\"urlTemplate\":\"https:\/\/cooperativeteaching.it\/?s={search_term_string}\"},\"query-input\":\"required name=search_term_string\"}],\"inLanguage\":\"it-IT\"},{\"@type\":\"Organization\",\"@id\":\"https:\/\/cooperativeteaching.it\/#organization\",\"name\":\"Cooperative Teaching\",\"url\":\"https:\/\/cooperativeteaching.it\/\",\"logo\":{\"@type\":\"ImageObject\",\"inLanguage\":\"it-IT\",\"@id\":\"https:\/\/cooperativeteaching.it\/#\/schema\/logo\/image\/\",\"url\":\"https:\/\/cooperativeteaching.it\/wp-content\/uploads\/2022\/08\/Honey.png\",\"contentUrl\":\"https:\/\/cooperativeteaching.it\/wp-content\/uploads\/2022\/08\/Honey.png\",\"width\":500,\"height\":500,\"caption\":\"Cooperative Teaching\"},\"image\":{\"@id\":\"https:\/\/cooperativeteaching.it\/#\/schema\/logo\/image\/\"},\"sameAs\":[\"https:\/\/www.instagram.com\/pseudo_intellettuale\/\"]}]}<\/script>\n<!-- \/ Yoast SEO plugin. -->","yoast_head_json":{"title":"Collaborazioni - Cooperative Teaching","robots":{"index":"index","follow":"follow","max-snippet":"max-snippet:-1","max-image-preview":"max-image-preview:large","max-video-preview":"max-video-preview:-1"},"canonical":"https:\/\/cooperativeteaching.it\/index.php\/15c42-web-agency-gb-collaborazioni\/","og_locale":"it_IT","og_type":"article","og_title":"Collaborazioni - Cooperative Teaching","og_url":"https:\/\/cooperativeteaching.it\/index.php\/15c42-web-agency-gb-collaborazioni\/","og_site_name":"Cooperative Teaching","article_modified_time":"2022-08-29T16:22:53+00:00","og_image":[{"url":"https:\/\/cooperativeteaching.it\/wp-content\/uploads\/2022\/08\/cropped-Honey-150x150.png"}],"twitter_card":"summary_large_image","twitter_misc":{"Tempo di lettura stimato":"2 minuti"},"schema":{"@context":"https:\/\/schema.org","@graph":[{"@type":"WebPage","@id":"https:\/\/cooperativeteaching.it\/index.php\/15c42-web-agency-gb-collaborazioni\/","url":"https:\/\/cooperativeteaching.it\/index.php\/15c42-web-agency-gb-collaborazioni\/","name":"Collaborazioni - Cooperative Teaching","isPartOf":{"@id":"https:\/\/cooperativeteaching.it\/#website"},"datePublished":"2020-01-27T08:29:32+00:00","dateModified":"2022-08-29T16:22:53+00:00","breadcrumb":{"@id":"https:\/\/cooperativeteaching.it\/index.php\/15c42-web-agency-gb-collaborazioni\/#breadcrumb"},"inLanguage":"it-IT","potentialAction":[{"@type":"ReadAction","target":["https:\/\/cooperativeteaching.it\/index.php\/15c42-web-agency-gb-collaborazioni\/"]}]},{"@type":"BreadcrumbList","@id":"https:\/\/cooperativeteaching.it\/index.php\/15c42-web-agency-gb-collaborazioni\/#breadcrumb","itemListElement":[{"@type":"ListItem","position":1,"name":"Home","item":"https:\/\/cooperativeteaching.it\/"},{"@type":"ListItem","position":2,"name":"Collaborazioni"}]},{"@type":"WebSite","@id":"https:\/\/cooperativeteaching.it\/#website","url":"https:\/\/cooperativeteaching.it\/","name":"Cooperative Teaching","description":"Insegnare \u00e8 bello, condividere lo \u00e8 ancora di pi\u00f9","publisher":{"@id":"https:\/\/cooperativeteaching.it\/#organization"},"potentialAction":[{"@type":"SearchAction","target":{"@type":"EntryPoint","urlTemplate":"https:\/\/cooperativeteaching.it\/?s={search_term_string}"},"query-input":"required name=search_term_string"}],"inLanguage":"it-IT"},{"@type":"Organization","@id":"https:\/\/cooperativeteaching.it\/#organization","name":"Cooperative Teaching","url":"https:\/\/cooperativeteaching.it\/","logo":{"@type":"ImageObject","inLanguage":"it-IT","@id":"https:\/\/cooperativeteaching.it\/#\/schema\/logo\/image\/","url":"https:\/\/cooperativeteaching.it\/wp-content\/uploads\/2022\/08\/Honey.png","contentUrl":"https:\/\/cooperativeteaching.it\/wp-content\/uploads\/2022\/08\/Honey.png","width":500,"height":500,"caption":"Cooperative Teaching"},"image":{"@id":"https:\/\/cooperativeteaching.it\/#\/schema\/logo\/image\/"},"sameAs":["https:\/\/www.instagram.com\/pseudo_intellettuale\/"]}]}},"_links":{"self":[{"href":"https:\/\/cooperativeteaching.it\/index.php\/wp-json\/wp\/v2\/pages\/75","targetHints":{"allow":["GET"]}}],"collection":[{"href":"https:\/\/cooperativeteaching.it\/index.php\/wp-json\/wp\/v2\/pages"}],"about":[{"href":"https:\/\/cooperativeteaching.it\/index.php\/wp-json\/wp\/v2\/types\/page"}],"author":[{"embeddable":true,"href":"https:\/\/cooperativeteaching.it\/index.php\/wp-json\/wp\/v2\/users\/1"}],"replies":[{"embeddable":true,"href":"https:\/\/cooperativeteaching.it\/index.php\/wp-json\/wp\/v2\/comments?post=75"}],"version-history":[{"count":5,"href":"https:\/\/cooperativeteaching.it\/index.php\/wp-json\/wp\/v2\/pages\/75\/revisions"}],"predecessor-version":[{"id":498,"href":"https:\/\/cooperativeteaching.it\/index.php\/wp-json\/wp\/v2\/pages\/75\/revisions\/498"}],"wp:attachment":[{"href":"https:\/\/cooperativeteaching.it\/index.php\/wp-json\/wp\/v2\/media?parent=75"}],"curies":[{"name":"wp","href":"https:\/\/api.w.org\/{rel}","templated":true}]}}