{"id":848,"date":"2024-08-25T13:19:42","date_gmt":"2024-08-25T13:19:42","guid":{"rendered":"https:\/\/cooperativeteaching.it\/?page_id=848"},"modified":"2025-08-17T14:45:10","modified_gmt":"2025-08-17T14:45:10","slug":"attivita-didattiche","status":"publish","type":"page","link":"https:\/\/cooperativeteaching.it\/index.php\/attivita-didattiche\/","title":{"rendered":"Attivit\u00e0 didattiche"},"content":{"rendered":"\n<p>In questo spazio ho deciso di condividere le lezioni e i materiali che utilizzo a scuola. Sentitevi liberi e libere di prendere queste attivit\u00e0, utilizzarle cos\u00ec come sono, oppure modificarle sulla base delle vostre necessit\u00e0. I materiali sono gratuiti e sempre disponibili. Buon lavoro!<\/p>\n\n\n\n<figure class=\"wp-block-gallery has-nested-images columns-4 is-cropped wp-block-gallery-1 is-layout-flex wp-block-gallery-is-layout-flex\">\n<figure class=\"wp-block-image size-large\"><a href=\"https:\/\/cooperativeteaching.it\/index.php\/attivita-didattiche-italiano\/\"><img loading=\"lazy\" decoding=\"async\" width=\"500\" height=\"500\" data-id=\"851\" src=\"https:\/\/cooperativeteaching.it\/wp-content\/uploads\/2024\/08\/1.png\" alt=\"\" class=\"wp-image-851\" srcset=\"https:\/\/cooperativeteaching.it\/wp-content\/uploads\/2024\/08\/1.png 500w, https:\/\/cooperativeteaching.it\/wp-content\/uploads\/2024\/08\/1-300x300.png 300w, https:\/\/cooperativeteaching.it\/wp-content\/uploads\/2024\/08\/1-150x150.png 150w\" sizes=\"auto, (max-width: 500px) 100vw, 500px\" \/><\/a><\/figure>\n\n\n\n<figure class=\"wp-block-image size-large\"><a href=\"https:\/\/cooperativeteaching.it\/index.php\/attivita-didattiche-storia\/\"><img loading=\"lazy\" decoding=\"async\" width=\"500\" height=\"500\" data-id=\"852\" src=\"https:\/\/cooperativeteaching.it\/wp-content\/uploads\/2024\/08\/2.png\" alt=\"\" class=\"wp-image-852\" srcset=\"https:\/\/cooperativeteaching.it\/wp-content\/uploads\/2024\/08\/2.png 500w, https:\/\/cooperativeteaching.it\/wp-content\/uploads\/2024\/08\/2-300x300.png 300w, https:\/\/cooperativeteaching.it\/wp-content\/uploads\/2024\/08\/2-150x150.png 150w\" sizes=\"auto, (max-width: 500px) 100vw, 500px\" \/><\/a><\/figure>\n\n\n\n<figure class=\"wp-block-image size-large\"><a href=\"https:\/\/cooperativeteaching.it\/index.php\/attivita-didattiche-geografia\/\"><img loading=\"lazy\" decoding=\"async\" width=\"500\" height=\"500\" data-id=\"853\" src=\"https:\/\/cooperativeteaching.it\/wp-content\/uploads\/2024\/08\/3.png\" alt=\"\" class=\"wp-image-853\" srcset=\"https:\/\/cooperativeteaching.it\/wp-content\/uploads\/2024\/08\/3.png 500w, https:\/\/cooperativeteaching.it\/wp-content\/uploads\/2024\/08\/3-300x300.png 300w, https:\/\/cooperativeteaching.it\/wp-content\/uploads\/2024\/08\/3-150x150.png 150w\" sizes=\"auto, (max-width: 500px) 100vw, 500px\" \/><\/a><\/figure>\n\n\n\n<figure class=\"wp-block-image size-large\"><img loading=\"lazy\" decoding=\"async\" width=\"500\" height=\"500\" data-id=\"854\" src=\"https:\/\/cooperativeteaching.it\/wp-content\/uploads\/2024\/08\/4-1.png\" alt=\"\" class=\"wp-image-854\" srcset=\"https:\/\/cooperativeteaching.it\/wp-content\/uploads\/2024\/08\/4-1.png 500w, https:\/\/cooperativeteaching.it\/wp-content\/uploads\/2024\/08\/4-1-300x300.png 300w, https:\/\/cooperativeteaching.it\/wp-content\/uploads\/2024\/08\/4-1-150x150.png 150w\" sizes=\"auto, (max-width: 500px) 100vw, 500px\" \/><\/figure>\n<\/figure>\n\n\n\n<p><\/p>\n\n\n\n<p><\/p>\n\n\n\n<p><\/p>\n\n\n\n<p><\/p>\n","protected":false},"excerpt":{"rendered":"<p>In questo spazio ho deciso di condividere le lezioni e i materiali che utilizzo a scuola. Sentitevi liberi e libere di prendere queste attivit\u00e0, utilizzarle cos\u00ec come sono, oppure modificarle sulla base delle vostre necessit\u00e0. I materiali sono gratuiti e sempre disponibili. Buon lavoro!<\/p>\n","protected":false},"author":1,"featured_media":0,"parent":0,"menu_order":0,"comment_status":"closed","ping_status":"closed","template":"","meta":{"neve_meta_sidebar":"","neve_meta_container":"","neve_meta_enable_content_width":"","neve_meta_content_width":0,"neve_meta_title_alignment":"","neve_meta_author_avatar":"","neve_post_elements_order":"","neve_meta_disable_header":"","neve_meta_disable_footer":"","neve_meta_disable_title":"","footnotes":""},"class_list":["post-848","page","type-page","status-publish","hentry"],"yoast_head":"<!-- This site is optimized with the Yoast SEO plugin v19.11 - https:\/\/yoast.com\/wordpress\/plugins\/seo\/ -->\n<title>Attivit\u00e0 didattiche - Cooperative Teaching<\/title>\n<meta name=\"robots\" content=\"index, follow, max-snippet:-1, max-image-preview:large, max-video-preview:-1\" \/>\n<link rel=\"canonical\" href=\"https:\/\/cooperativeteaching.it\/index.php\/attivita-didattiche\/\" \/>\n<meta property=\"og:locale\" content=\"it_IT\" \/>\n<meta property=\"og:type\" content=\"article\" \/>\n<meta property=\"og:title\" content=\"Attivit\u00e0 didattiche - Cooperative Teaching\" \/>\n<meta property=\"og:description\" content=\"In questo spazio ho deciso di condividere le lezioni e i materiali che utilizzo a scuola. Sentitevi liberi e libere di prendere queste attivit\u00e0, utilizzarle cos\u00ec come sono, oppure modificarle sulla base delle vostre necessit\u00e0. I materiali sono gratuiti e sempre disponibili. Buon lavoro!\" \/>\n<meta property=\"og:url\" content=\"https:\/\/cooperativeteaching.it\/index.php\/attivita-didattiche\/\" \/>\n<meta property=\"og:site_name\" content=\"Cooperative Teaching\" \/>\n<meta property=\"article:modified_time\" content=\"2025-08-17T14:45:10+00:00\" \/>\n<meta property=\"og:image\" content=\"https:\/\/cooperativeteaching.it\/wp-content\/uploads\/2024\/08\/1.png\" \/>\n<meta name=\"twitter:card\" content=\"summary_large_image\" \/>\n<meta name=\"twitter:label1\" content=\"Tempo di lettura stimato\" \/>\n\t<meta name=\"twitter:data1\" content=\"2 minuti\" \/>\n<script type=\"application\/ld+json\" class=\"yoast-schema-graph\">{\"@context\":\"https:\/\/schema.org\",\"@graph\":[{\"@type\":\"WebPage\",\"@id\":\"https:\/\/cooperativeteaching.it\/index.php\/attivita-didattiche\/\",\"url\":\"https:\/\/cooperativeteaching.it\/index.php\/attivita-didattiche\/\",\"name\":\"Attivit\u00e0 didattiche - Cooperative Teaching\",\"isPartOf\":{\"@id\":\"https:\/\/cooperativeteaching.it\/#website\"},\"datePublished\":\"2024-08-25T13:19:42+00:00\",\"dateModified\":\"2025-08-17T14:45:10+00:00\",\"breadcrumb\":{\"@id\":\"https:\/\/cooperativeteaching.it\/index.php\/attivita-didattiche\/#breadcrumb\"},\"inLanguage\":\"it-IT\",\"potentialAction\":[{\"@type\":\"ReadAction\",\"target\":[\"https:\/\/cooperativeteaching.it\/index.php\/attivita-didattiche\/\"]}]},{\"@type\":\"BreadcrumbList\",\"@id\":\"https:\/\/cooperativeteaching.it\/index.php\/attivita-didattiche\/#breadcrumb\",\"itemListElement\":[{\"@type\":\"ListItem\",\"position\":1,\"name\":\"Home\",\"item\":\"https:\/\/cooperativeteaching.it\/\"},{\"@type\":\"ListItem\",\"position\":2,\"name\":\"Attivit\u00e0 didattiche\"}]},{\"@type\":\"WebSite\",\"@id\":\"https:\/\/cooperativeteaching.it\/#website\",\"url\":\"https:\/\/cooperativeteaching.it\/\",\"name\":\"Cooperative Teaching\",\"description\":\"Insegnare \u00e8 bello, condividere lo \u00e8 ancora di pi\u00f9\",\"publisher\":{\"@id\":\"https:\/\/cooperativeteaching.it\/#organization\"},\"potentialAction\":[{\"@type\":\"SearchAction\",\"target\":{\"@type\":\"EntryPoint\",\"urlTemplate\":\"https:\/\/cooperativeteaching.it\/?s={search_term_string}\"},\"query-input\":\"required name=search_term_string\"}],\"inLanguage\":\"it-IT\"},{\"@type\":\"Organization\",\"@id\":\"https:\/\/cooperativeteaching.it\/#organization\",\"name\":\"Cooperative Teaching\",\"url\":\"https:\/\/cooperativeteaching.it\/\",\"logo\":{\"@type\":\"ImageObject\",\"inLanguage\":\"it-IT\",\"@id\":\"https:\/\/cooperativeteaching.it\/#\/schema\/logo\/image\/\",\"url\":\"https:\/\/cooperativeteaching.it\/wp-content\/uploads\/2022\/08\/Honey.png\",\"contentUrl\":\"https:\/\/cooperativeteaching.it\/wp-content\/uploads\/2022\/08\/Honey.png\",\"width\":500,\"height\":500,\"caption\":\"Cooperative Teaching\"},\"image\":{\"@id\":\"https:\/\/cooperativeteaching.it\/#\/schema\/logo\/image\/\"},\"sameAs\":[\"https:\/\/www.instagram.com\/pseudo_intellettuale\/\"]}]}<\/script>\n<!-- \/ Yoast SEO plugin. -->","yoast_head_json":{"title":"Attivit\u00e0 didattiche - Cooperative Teaching","robots":{"index":"index","follow":"follow","max-snippet":"max-snippet:-1","max-image-preview":"max-image-preview:large","max-video-preview":"max-video-preview:-1"},"canonical":"https:\/\/cooperativeteaching.it\/index.php\/attivita-didattiche\/","og_locale":"it_IT","og_type":"article","og_title":"Attivit\u00e0 didattiche - Cooperative Teaching","og_description":"In questo spazio ho deciso di condividere le lezioni e i materiali che utilizzo a scuola. Sentitevi liberi e libere di prendere queste attivit\u00e0, utilizzarle cos\u00ec come sono, oppure modificarle sulla base delle vostre necessit\u00e0. I materiali sono gratuiti e sempre disponibili. Buon lavoro!","og_url":"https:\/\/cooperativeteaching.it\/index.php\/attivita-didattiche\/","og_site_name":"Cooperative Teaching","article_modified_time":"2025-08-17T14:45:10+00:00","og_image":[{"url":"https:\/\/cooperativeteaching.it\/wp-content\/uploads\/2024\/08\/1.png"}],"twitter_card":"summary_large_image","twitter_misc":{"Tempo di lettura stimato":"2 minuti"},"schema":{"@context":"https:\/\/schema.org","@graph":[{"@type":"WebPage","@id":"https:\/\/cooperativeteaching.it\/index.php\/attivita-didattiche\/","url":"https:\/\/cooperativeteaching.it\/index.php\/attivita-didattiche\/","name":"Attivit\u00e0 didattiche - Cooperative Teaching","isPartOf":{"@id":"https:\/\/cooperativeteaching.it\/#website"},"datePublished":"2024-08-25T13:19:42+00:00","dateModified":"2025-08-17T14:45:10+00:00","breadcrumb":{"@id":"https:\/\/cooperativeteaching.it\/index.php\/attivita-didattiche\/#breadcrumb"},"inLanguage":"it-IT","potentialAction":[{"@type":"ReadAction","target":["https:\/\/cooperativeteaching.it\/index.php\/attivita-didattiche\/"]}]},{"@type":"BreadcrumbList","@id":"https:\/\/cooperativeteaching.it\/index.php\/attivita-didattiche\/#breadcrumb","itemListElement":[{"@type":"ListItem","position":1,"name":"Home","item":"https:\/\/cooperativeteaching.it\/"},{"@type":"ListItem","position":2,"name":"Attivit\u00e0 didattiche"}]},{"@type":"WebSite","@id":"https:\/\/cooperativeteaching.it\/#website","url":"https:\/\/cooperativeteaching.it\/","name":"Cooperative Teaching","description":"Insegnare \u00e8 bello, condividere lo \u00e8 ancora di pi\u00f9","publisher":{"@id":"https:\/\/cooperativeteaching.it\/#organization"},"potentialAction":[{"@type":"SearchAction","target":{"@type":"EntryPoint","urlTemplate":"https:\/\/cooperativeteaching.it\/?s={search_term_string}"},"query-input":"required name=search_term_string"}],"inLanguage":"it-IT"},{"@type":"Organization","@id":"https:\/\/cooperativeteaching.it\/#organization","name":"Cooperative Teaching","url":"https:\/\/cooperativeteaching.it\/","logo":{"@type":"ImageObject","inLanguage":"it-IT","@id":"https:\/\/cooperativeteaching.it\/#\/schema\/logo\/image\/","url":"https:\/\/cooperativeteaching.it\/wp-content\/uploads\/2022\/08\/Honey.png","contentUrl":"https:\/\/cooperativeteaching.it\/wp-content\/uploads\/2022\/08\/Honey.png","width":500,"height":500,"caption":"Cooperative Teaching"},"image":{"@id":"https:\/\/cooperativeteaching.it\/#\/schema\/logo\/image\/"},"sameAs":["https:\/\/www.instagram.com\/pseudo_intellettuale\/"]}]}},"_links":{"self":[{"href":"https:\/\/cooperativeteaching.it\/index.php\/wp-json\/wp\/v2\/pages\/848","targetHints":{"allow":["GET"]}}],"collection":[{"href":"https:\/\/cooperativeteaching.it\/index.php\/wp-json\/wp\/v2\/pages"}],"about":[{"href":"https:\/\/cooperativeteaching.it\/index.php\/wp-json\/wp\/v2\/types\/page"}],"author":[{"embeddable":true,"href":"https:\/\/cooperativeteaching.it\/index.php\/wp-json\/wp\/v2\/users\/1"}],"replies":[{"embeddable":true,"href":"https:\/\/cooperativeteaching.it\/index.php\/wp-json\/wp\/v2\/comments?post=848"}],"version-history":[{"count":5,"href":"https:\/\/cooperativeteaching.it\/index.php\/wp-json\/wp\/v2\/pages\/848\/revisions"}],"predecessor-version":[{"id":881,"href":"https:\/\/cooperativeteaching.it\/index.php\/wp-json\/wp\/v2\/pages\/848\/revisions\/881"}],"wp:attachment":[{"href":"https:\/\/cooperativeteaching.it\/index.php\/wp-json\/wp\/v2\/media?parent=848"}],"curies":[{"name":"wp","href":"https:\/\/api.w.org\/{rel}","templated":true}]}}