{"id":879,"date":"2024-08-30T14:08:33","date_gmt":"2024-08-30T14:08:33","guid":{"rendered":"https:\/\/cooperativeteaching.it\/?page_id=879"},"modified":"2024-08-30T14:09:25","modified_gmt":"2024-08-30T14:09:25","slug":"attivita-didattiche-geografia","status":"publish","type":"page","link":"https:\/\/cooperativeteaching.it\/index.php\/attivita-didattiche-geografia\/","title":{"rendered":"Attivit\u00e0 didattiche &#8211; Geografia"},"content":{"rendered":"\n<ul class=\"wp-block-list\">\n<li><a href=\"https:\/\/cooperativeteaching.it\/index.php\/2024\/08\/30\/accoglienza-con-la-biblioteca-di-classe\/\">Accoglienza con la mappa dei luoghi del cuore<\/a> (scorri per leggere l&#8217;articolo)<\/li>\n<\/ul>\n","protected":false},"excerpt":{"rendered":"","protected":false},"author":1,"featured_media":0,"parent":0,"menu_order":0,"comment_status":"closed","ping_status":"closed","template":"","meta":{"neve_meta_sidebar":"","neve_meta_container":"","neve_meta_enable_content_width":"","neve_meta_content_width":0,"neve_meta_title_alignment":"","neve_meta_author_avatar":"","neve_post_elements_order":"","neve_meta_disable_header":"","neve_meta_disable_footer":"","neve_meta_disable_title":"","footnotes":""},"class_list":["post-879","page","type-page","status-publish","hentry"],"yoast_head":"<!-- This site is optimized with the Yoast SEO plugin v19.11 - https:\/\/yoast.com\/wordpress\/plugins\/seo\/ -->\n<title>Attivit\u00e0 didattiche - Geografia - Cooperative Teaching<\/title>\n<meta name=\"robots\" content=\"index, follow, max-snippet:-1, max-image-preview:large, max-video-preview:-1\" \/>\n<link rel=\"canonical\" href=\"https:\/\/cooperativeteaching.it\/index.php\/attivita-didattiche-geografia\/\" \/>\n<meta property=\"og:locale\" content=\"it_IT\" \/>\n<meta property=\"og:type\" content=\"article\" \/>\n<meta property=\"og:title\" content=\"Attivit\u00e0 didattiche - Geografia - Cooperative Teaching\" \/>\n<meta property=\"og:url\" content=\"https:\/\/cooperativeteaching.it\/index.php\/attivita-didattiche-geografia\/\" \/>\n<meta property=\"og:site_name\" content=\"Cooperative Teaching\" \/>\n<meta property=\"article:modified_time\" content=\"2024-08-30T14:09:25+00:00\" \/>\n<meta name=\"twitter:card\" content=\"summary_large_image\" \/>\n<meta name=\"twitter:label1\" content=\"Tempo di lettura stimato\" \/>\n\t<meta name=\"twitter:data1\" content=\"1 minuto\" \/>\n<script type=\"application\/ld+json\" class=\"yoast-schema-graph\">{\"@context\":\"https:\/\/schema.org\",\"@graph\":[{\"@type\":\"WebPage\",\"@id\":\"https:\/\/cooperativeteaching.it\/index.php\/attivita-didattiche-geografia\/\",\"url\":\"https:\/\/cooperativeteaching.it\/index.php\/attivita-didattiche-geografia\/\",\"name\":\"Attivit\u00e0 didattiche - Geografia - Cooperative Teaching\",\"isPartOf\":{\"@id\":\"https:\/\/cooperativeteaching.it\/#website\"},\"datePublished\":\"2024-08-30T14:08:33+00:00\",\"dateModified\":\"2024-08-30T14:09:25+00:00\",\"breadcrumb\":{\"@id\":\"https:\/\/cooperativeteaching.it\/index.php\/attivita-didattiche-geografia\/#breadcrumb\"},\"inLanguage\":\"it-IT\",\"potentialAction\":[{\"@type\":\"ReadAction\",\"target\":[\"https:\/\/cooperativeteaching.it\/index.php\/attivita-didattiche-geografia\/\"]}]},{\"@type\":\"BreadcrumbList\",\"@id\":\"https:\/\/cooperativeteaching.it\/index.php\/attivita-didattiche-geografia\/#breadcrumb\",\"itemListElement\":[{\"@type\":\"ListItem\",\"position\":1,\"name\":\"Home\",\"item\":\"https:\/\/cooperativeteaching.it\/\"},{\"@type\":\"ListItem\",\"position\":2,\"name\":\"Attivit\u00e0 didattiche &#8211; Geografia\"}]},{\"@type\":\"WebSite\",\"@id\":\"https:\/\/cooperativeteaching.it\/#website\",\"url\":\"https:\/\/cooperativeteaching.it\/\",\"name\":\"Cooperative Teaching\",\"description\":\"Insegnare \u00e8 bello, condividere lo \u00e8 ancora di pi\u00f9\",\"publisher\":{\"@id\":\"https:\/\/cooperativeteaching.it\/#organization\"},\"potentialAction\":[{\"@type\":\"SearchAction\",\"target\":{\"@type\":\"EntryPoint\",\"urlTemplate\":\"https:\/\/cooperativeteaching.it\/?s={search_term_string}\"},\"query-input\":\"required name=search_term_string\"}],\"inLanguage\":\"it-IT\"},{\"@type\":\"Organization\",\"@id\":\"https:\/\/cooperativeteaching.it\/#organization\",\"name\":\"Cooperative Teaching\",\"url\":\"https:\/\/cooperativeteaching.it\/\",\"logo\":{\"@type\":\"ImageObject\",\"inLanguage\":\"it-IT\",\"@id\":\"https:\/\/cooperativeteaching.it\/#\/schema\/logo\/image\/\",\"url\":\"https:\/\/cooperativeteaching.it\/wp-content\/uploads\/2022\/08\/Honey.png\",\"contentUrl\":\"https:\/\/cooperativeteaching.it\/wp-content\/uploads\/2022\/08\/Honey.png\",\"width\":500,\"height\":500,\"caption\":\"Cooperative Teaching\"},\"image\":{\"@id\":\"https:\/\/cooperativeteaching.it\/#\/schema\/logo\/image\/\"},\"sameAs\":[\"https:\/\/www.instagram.com\/pseudo_intellettuale\/\"]}]}<\/script>\n<!-- \/ Yoast SEO plugin. -->","yoast_head_json":{"title":"Attivit\u00e0 didattiche - Geografia - Cooperative Teaching","robots":{"index":"index","follow":"follow","max-snippet":"max-snippet:-1","max-image-preview":"max-image-preview:large","max-video-preview":"max-video-preview:-1"},"canonical":"https:\/\/cooperativeteaching.it\/index.php\/attivita-didattiche-geografia\/","og_locale":"it_IT","og_type":"article","og_title":"Attivit\u00e0 didattiche - Geografia - Cooperative Teaching","og_url":"https:\/\/cooperativeteaching.it\/index.php\/attivita-didattiche-geografia\/","og_site_name":"Cooperative Teaching","article_modified_time":"2024-08-30T14:09:25+00:00","twitter_card":"summary_large_image","twitter_misc":{"Tempo di lettura stimato":"1 minuto"},"schema":{"@context":"https:\/\/schema.org","@graph":[{"@type":"WebPage","@id":"https:\/\/cooperativeteaching.it\/index.php\/attivita-didattiche-geografia\/","url":"https:\/\/cooperativeteaching.it\/index.php\/attivita-didattiche-geografia\/","name":"Attivit\u00e0 didattiche - Geografia - Cooperative Teaching","isPartOf":{"@id":"https:\/\/cooperativeteaching.it\/#website"},"datePublished":"2024-08-30T14:08:33+00:00","dateModified":"2024-08-30T14:09:25+00:00","breadcrumb":{"@id":"https:\/\/cooperativeteaching.it\/index.php\/attivita-didattiche-geografia\/#breadcrumb"},"inLanguage":"it-IT","potentialAction":[{"@type":"ReadAction","target":["https:\/\/cooperativeteaching.it\/index.php\/attivita-didattiche-geografia\/"]}]},{"@type":"BreadcrumbList","@id":"https:\/\/cooperativeteaching.it\/index.php\/attivita-didattiche-geografia\/#breadcrumb","itemListElement":[{"@type":"ListItem","position":1,"name":"Home","item":"https:\/\/cooperativeteaching.it\/"},{"@type":"ListItem","position":2,"name":"Attivit\u00e0 didattiche &#8211; Geografia"}]},{"@type":"WebSite","@id":"https:\/\/cooperativeteaching.it\/#website","url":"https:\/\/cooperativeteaching.it\/","name":"Cooperative Teaching","description":"Insegnare \u00e8 bello, condividere lo \u00e8 ancora di pi\u00f9","publisher":{"@id":"https:\/\/cooperativeteaching.it\/#organization"},"potentialAction":[{"@type":"SearchAction","target":{"@type":"EntryPoint","urlTemplate":"https:\/\/cooperativeteaching.it\/?s={search_term_string}"},"query-input":"required name=search_term_string"}],"inLanguage":"it-IT"},{"@type":"Organization","@id":"https:\/\/cooperativeteaching.it\/#organization","name":"Cooperative Teaching","url":"https:\/\/cooperativeteaching.it\/","logo":{"@type":"ImageObject","inLanguage":"it-IT","@id":"https:\/\/cooperativeteaching.it\/#\/schema\/logo\/image\/","url":"https:\/\/cooperativeteaching.it\/wp-content\/uploads\/2022\/08\/Honey.png","contentUrl":"https:\/\/cooperativeteaching.it\/wp-content\/uploads\/2022\/08\/Honey.png","width":500,"height":500,"caption":"Cooperative Teaching"},"image":{"@id":"https:\/\/cooperativeteaching.it\/#\/schema\/logo\/image\/"},"sameAs":["https:\/\/www.instagram.com\/pseudo_intellettuale\/"]}]}},"_links":{"self":[{"href":"https:\/\/cooperativeteaching.it\/index.php\/wp-json\/wp\/v2\/pages\/879","targetHints":{"allow":["GET"]}}],"collection":[{"href":"https:\/\/cooperativeteaching.it\/index.php\/wp-json\/wp\/v2\/pages"}],"about":[{"href":"https:\/\/cooperativeteaching.it\/index.php\/wp-json\/wp\/v2\/types\/page"}],"author":[{"embeddable":true,"href":"https:\/\/cooperativeteaching.it\/index.php\/wp-json\/wp\/v2\/users\/1"}],"replies":[{"embeddable":true,"href":"https:\/\/cooperativeteaching.it\/index.php\/wp-json\/wp\/v2\/comments?post=879"}],"version-history":[{"count":2,"href":"https:\/\/cooperativeteaching.it\/index.php\/wp-json\/wp\/v2\/pages\/879\/revisions"}],"predecessor-version":[{"id":882,"href":"https:\/\/cooperativeteaching.it\/index.php\/wp-json\/wp\/v2\/pages\/879\/revisions\/882"}],"wp:attachment":[{"href":"https:\/\/cooperativeteaching.it\/index.php\/wp-json\/wp\/v2\/media?parent=879"}],"curies":[{"name":"wp","href":"https:\/\/api.w.org\/{rel}","templated":true}]}}